{"id":110,"date":"2025-07-20T17:17:47","date_gmt":"2025-07-20T15:17:47","guid":{"rendered":"https:\/\/atinel.hr\/de\/?page_id=110"},"modified":"2025-09-01T17:33:05","modified_gmt":"2025-09-01T15:33:05","slug":"kontakt","status":"publish","type":"page","link":"https:\/\/atinel.hr\/de\/kontakt\/","title":{"rendered":"Kontakt"},"content":{"rendered":"\n\t<section class=\"section\" id=\"section_283290634\">\n\t\t<div class=\"section-bg fill\" >\n\t\t\t\t\t\t\t\t\t\n\t\t\t\n\n\t\t<\/div>\n\n\t\t\n\n\t\t<div class=\"section-content relative\">\n\t\t\t\n<div class=\"slider-wrapper relative\" id=\"slider-726523787\" >\n    <div class=\"slider slider-nav-simple slider-nav-large slider-nav-dark slider-style-normal\"\n        data-flickity-options='{\n            \"cellAlign\": \"center\",\n            \"imagesLoaded\": true,\n            \"lazyLoad\": 1,\n            \"freeScroll\": false,\n            \"wrapAround\": true,\n            \"autoPlay\": 4000,\n            \"pauseAutoPlayOnHover\" : false,\n            \"prevNextButtons\": false,\n            \"contain\" : true,\n            \"adaptiveHeight\" : true,\n            \"dragThreshold\" : 10,\n            \"percentPosition\": true,\n            \"pageDots\": true,\n            \"rightToLeft\": false,\n            \"draggable\": true,\n            \"selectedAttraction\": 0.1,\n            \"parallax\" : 7,\n            \"friction\": 0.6        }'\n        >\n        \n\n\t<section class=\"section\" id=\"section_1298056282\">\n\t\t<div class=\"section-bg fill\" >\n\t\t\t<img loading=\"lazy\" decoding=\"async\" width=\"1920\" height=\"960\" src=\"https:\/\/atinel.hr\/de\/wp-content\/uploads\/2025\/07\/atinel-automatizacija-palete.jpg\" class=\"bg attachment-original size-original\" alt=\"\" \/>\t\t\t\t\t\t<div class=\"section-bg-overlay absolute fill\"><\/div>\n\t\t\t\n\n\t\t<\/div>\n\n\t\t\n\n\t\t<div class=\"section-content relative\">\n\t\t\t\n<div class=\"row\" style=\"max-width:1300px\" id=\"row-1883381525\">\n\n\t<div id=\"col-1433518766\" class=\"col medium-8 small-12 large-6\"  >\n\t\t\t\t<div class=\"col-inner\"  >\n\t\t\t\n\t\t\t\n\t<div id=\"text-1028268899\" class=\"text\">\n\t\t\n<h6>ATINEL AUTOMATISIERUNG,<br \/>TELEKOMMUNIKATION,<br \/>IT,ELEKTRIZIT\u00c4T UND ELEKTRONIK,<br \/>PRODUKTION UND DIENSTLEISTUNGEN<\/h6>\n\t\t\n<style>\n#text-1028268899 {\n  color: rgb(255,255,255);\n}\n#text-1028268899 > * {\n  color: rgb(255,255,255);\n}\n<\/style>\n\t<\/div>\n\t\n\t<div id=\"text-2671216384\" class=\"text\">\n\t\t\n<h1>KONTAKT<\/h1>\n\t\t\n<style>\n#text-2671216384 {\n  font-size: 2rem;\n  color: rgb(255,255,255);\n}\n#text-2671216384 > * {\n  color: rgb(255,255,255);\n}\n<\/style>\n\t<\/div>\n\t\n\t\t<\/div>\n\t\t\t\t\t<\/div>\n\n\t\n<\/div>\n\t\t<\/div>\n\n\t\t\n<style>\n#section_1298056282 {\n  padding-top: 0px;\n  padding-bottom: 0px;\n  min-height: 500px;\n  background-color: rgb(0,0,0);\n}\n#section_1298056282 .section-bg-overlay {\n  background-color: rgba(0,0,0,.5);\n}\n#section_1298056282 .section-bg img {\n  object-position: 44% 10%;\n}\n@media (min-width:550px) {\n  #section_1298056282 {\n    min-height: 600px;\n  }\n  #section_1298056282 .section-bg-overlay {\n    background-color: rgba(0,0,0,.5);\n  }\n}\n@media (min-width:850px) {\n  #section_1298056282 .section-bg-overlay {\n    background-color: rgba(0,0,0,.5);\n  }\n}\n<\/style>\n\t<\/section>\n\t\n     <\/div>\n\n     <div class=\"loading-spin dark large centered\"><\/div>\n\n\t<\/div>\n\n\n\t\t<\/div>\n\n\t\t\n<style>\n#section_283290634 {\n  padding-top: 0px;\n  padding-bottom: 0px;\n}\n<\/style>\n\t<\/section>\n\t\n\n\t<section class=\"section\" id=\"section_1524890989\">\n\t\t<div class=\"section-bg fill\" >\n\t\t\t\t\t\t\t\t\t\n\t\t\t\n\n\t\t<\/div>\n\n\t\t\n\n\t\t<div class=\"section-content relative\">\n\t\t\t\n<div class=\"row align-center\" style=\"max-width:1200px\" id=\"row-119694984\">\n\n\t<div id=\"col-663088795\" class=\"col medium-7 small-12 large-5\"  >\n\t\t\t\t<div class=\"col-inner\"  >\n\t\t\t\n\t\t\t\n\t<div id=\"gap-1865036387\" class=\"gap-element clearfix\" style=\"display:block; height:auto;\">\n\t\t\n<style>\n#gap-1865036387 {\n  padding-top: 50px;\n}\n<\/style>\n\t<\/div>\n\t\n\t<div id=\"text-1466416924\" class=\"text\">\n\t\t\n<h2 style=\"text-transform: uppercase;\">ATINEL<\/h2>\n\t\t\n<style>\n#text-1466416924 {\n  font-size: 1.5rem;\n  text-align: center;\n  color: #e74c3c;\n}\n#text-1466416924 > * {\n  color: #e74c3c;\n}\n<\/style>\n\t<\/div>\n\t\n<div class=\"text-center\"><div class=\"is-divider divider clearfix\" style=\"margin-top:25px;margin-bottom:25px;max-width:100px;background-color:rgb(0, 0, 0);\"><\/div><\/div>\n\t<div id=\"text-1642514065\" class=\"text\">\n\t\t\n<p>Wir sind ein spezialisiertes Unternehmen, das hochmoderne Automatisierungsl\u00f6sungen f\u00fcr mittlere und gro\u00dfe Unternehmen weltweit liefert. Wir arbeiten f\u00fcr einige der gr\u00f6\u00dften und wichtigsten Namen der Automobilindustrie im Bereich Automatisierungsdienstleistungen und -beratung.<\/p>\n\t\t\n<style>\n#text-1642514065 {\n  text-align: center;\n}\n<\/style>\n\t<\/div>\n\t\n\t\t<\/div>\n\t\t\t\t\t<\/div>\n\n\t\n<\/div>\n\t\t<\/div>\n\n\t\t\n<style>\n#section_1524890989 {\n  padding-top: 30px;\n  padding-bottom: 30px;\n}\n<\/style>\n\t<\/section>\n\t\n\n\t<section class=\"section\" id=\"section_1140856084\">\n\t\t<div class=\"section-bg fill\" >\n\t\t\t\t\t\t\t\t\t\n\t\t\t\n\n\t\t<\/div>\n\n\t\t\n\n\t\t<div class=\"section-content relative\">\n\t\t\t\n<div class=\"row row-collapse align-equal\" style=\"max-width:1200px\" id=\"row-25376249\">\n\n\t<div id=\"col-1193512222\" class=\"col medium-4 small-12 large-4\"  >\n\t\t\t\t<div class=\"col-inner\"  >\n\t\t\t\n\t\t\t\n\n  <div class=\"banner has-hover\" id=\"banner-2114687753\">\n          <div class=\"banner-inner fill\">\n        <div class=\"banner-bg fill\" >\n            <img loading=\"lazy\" decoding=\"async\" width=\"1020\" height=\"765\" src=\"https:\/\/atinel.hr\/de\/wp-content\/uploads\/2025\/07\/atinel-onama-14-1024x768.jpg\" class=\"bg attachment-large size-large\" alt=\"\" \/>                                    \n                    <\/div>\n\t\t\n        <div class=\"banner-layers container\">\n            <div class=\"fill banner-link\"><\/div>            \n   <div id=\"text-box-1173632028\" class=\"text-box banner-layer x50 md-x50 lg-x50 y50 md-y50 lg-y50 res-text\">\n                                <div class=\"text-box-content text dark\">\n              \n              <div class=\"text-inner text-center\">\n                  \n              <\/div>\n           <\/div>\n                            \n<style>\n#text-box-1173632028 {\n  width: 60%;\n}\n#text-box-1173632028 .text-box-content {\n  font-size: 100%;\n}\n@media (min-width:550px) {\n  #text-box-1173632028 {\n    width: 60%;\n  }\n}\n<\/style>\n    <\/div>\n \n        <\/div>\n      <\/div>\n\n            \n<style>\n#banner-2114687753 {\n  padding-top: 99.99%;\n  background-color: rgb(255, 255, 255);\n}\n<\/style>\n  <\/div>\n\n\n\t\t<\/div>\n\t\t\t\t\t<\/div>\n\n\t\n\n\t<div id=\"col-19250939\" class=\"col medium-4 small-12 large-4\"  >\n\t\t\t\t<div class=\"col-inner text-center\"  >\n\t\t\t\n\t\t\t\n\t<div id=\"gap-339684803\" class=\"gap-element clearfix\" style=\"display:block; height:auto;\">\n\t\t\n<style>\n#gap-339684803 {\n  padding-top: 25px;\n}\n<\/style>\n\t<\/div>\n\t\n\t<div class=\"img has-hover x md-x lg-x y md-y lg-y\" id=\"image_1407455809\">\n\t\t\t\t\t\t\t\t<div class=\"img-inner dark\" >\n\t\t\t<img loading=\"lazy\" decoding=\"async\" width=\"120\" height=\"120\" src=\"https:\/\/atinel.hr\/de\/wp-content\/uploads\/2025\/07\/map-pin-2-fill-1.png\" class=\"attachment-large size-large\" alt=\"\" \/>\t\t\t\t\t\t\n\t\t\t\t\t<\/div>\n\t\t\t\t\t\t\t\t\n<style>\n#image_1407455809 {\n  width: 23%;\n}\n@media (min-width:550px) {\n  #image_1407455809 {\n    width: 15%;\n  }\n}\n@media (min-width:850px) {\n  #image_1407455809 {\n    width: 23%;\n  }\n}\n<\/style>\n\t<\/div>\n\t\n\t<div id=\"text-2258228617\" class=\"text\">\n\t\t\n<h2>Adresse<\/h2>\n\t\t\n<style>\n#text-2258228617 {\n  font-size: 1.75rem;\n  text-align: center;\n}\n@media (min-width:550px) {\n  #text-2258228617 {\n    font-size: 1rem;\n  }\n}\n@media (min-width:850px) {\n  #text-2258228617 {\n    font-size: 1.25rem;\n  }\n}\n<\/style>\n\t<\/div>\n\t\n\t<div id=\"text-1148695731\" class=\"text\">\n\t\t\n<p>ATINEL d.o.o.<br \/>\nKu\u0107anska ulica 2, HR-42000<br \/>\nVara\u017edin, Kroatien<\/p>\n\t\t\n<style>\n#text-1148695731 {\n  font-size: 1rem;\n  text-align: center;\n}\n@media (min-width:550px) {\n  #text-1148695731 {\n    font-size: 0.9rem;\n  }\n}\n@media (min-width:850px) {\n  #text-1148695731 {\n    font-size: 1rem;\n  }\n}\n<\/style>\n\t<\/div>\n\t\n\t\t<\/div>\n\t\t\t\t\n<style>\n#col-19250939 > .col-inner {\n  padding: 50px 50px 71px 50px;\n}\n@media (min-width:550px) {\n  #col-19250939 > .col-inner {\n    padding: 10px 10px 10px 11px;\n  }\n}\n@media (min-width:850px) {\n  #col-19250939 > .col-inner {\n    padding: 10% 10% 10% 10%;\n  }\n}\n<\/style>\n\t<\/div>\n\n\t\n\n\t<div id=\"col-158001330\" class=\"col medium-4 small-12 large-4\"  >\n\t\t\t\t<div class=\"col-inner\"  >\n\t\t\t\n\t\t\t\n\n  <div class=\"banner has-hover\" id=\"banner-882076446\">\n          <div class=\"banner-inner fill\">\n        <div class=\"banner-bg fill\" >\n            <img loading=\"lazy\" decoding=\"async\" width=\"1020\" height=\"667\" src=\"https:\/\/atinel.hr\/de\/wp-content\/uploads\/2025\/07\/atinel-djealtnosti-1024x670.jpg\" class=\"bg attachment-large size-large\" alt=\"\" \/>                                    \n                    <\/div>\n\t\t\n        <div class=\"banner-layers container\">\n            <div class=\"fill banner-link\"><\/div>            \n   <div id=\"text-box-131274454\" class=\"text-box banner-layer x50 md-x50 lg-x50 y50 md-y50 lg-y50 res-text\">\n                                <div class=\"text-box-content text dark\">\n              \n              <div class=\"text-inner text-center\">\n                  \n              <\/div>\n           <\/div>\n                            \n<style>\n#text-box-131274454 {\n  width: 60%;\n}\n#text-box-131274454 .text-box-content {\n  font-size: 100%;\n}\n@media (min-width:550px) {\n  #text-box-131274454 {\n    width: 60%;\n  }\n}\n<\/style>\n    <\/div>\n \n        <\/div>\n      <\/div>\n\n            \n<style>\n#banner-882076446 {\n  padding-top: 99.99%;\n  background-color: rgb(255, 255, 255);\n}\n<\/style>\n  <\/div>\n\n\n\t\t<\/div>\n\t\t\t\t\t<\/div>\n\n\t\n\n<style>\n#row-25376249 > .col > .col-inner {\n  background-color: rgb(238, 238, 238);\n}\n<\/style>\n<\/div>\n<div class=\"row row-collapse align-equal\" style=\"max-width:1200px\" id=\"row-203284790\">\n\n\t<div id=\"col-358184855\" class=\"col medium-4 small-12 large-4\"  >\n\t\t\t\t<div class=\"col-inner text-center\"  >\n\t\t\t\n\t\t\t\n\t<div id=\"gap-493170767\" class=\"gap-element clearfix\" style=\"display:block; height:auto;\">\n\t\t\n<style>\n#gap-493170767 {\n  padding-top: 25px;\n}\n<\/style>\n\t<\/div>\n\t\n\t<div class=\"img has-hover x md-x lg-x y md-y lg-y\" id=\"image_885569159\">\n\t\t\t\t\t\t\t\t<div class=\"img-inner dark\" >\n\t\t\t<img loading=\"lazy\" decoding=\"async\" width=\"120\" height=\"120\" src=\"https:\/\/atinel.hr\/de\/wp-content\/uploads\/2025\/07\/phone-fill-1.png\" class=\"attachment-large size-large\" alt=\"\" \/>\t\t\t\t\t\t\n\t\t\t\t\t<\/div>\n\t\t\t\t\t\t\t\t\n<style>\n#image_885569159 {\n  width: 23%;\n}\n@media (min-width:550px) {\n  #image_885569159 {\n    width: 15%;\n  }\n}\n@media (min-width:850px) {\n  #image_885569159 {\n    width: 23%;\n  }\n}\n<\/style>\n\t<\/div>\n\t\n\t<div id=\"text-2911836041\" class=\"text\">\n\t\t\n<h2>Rufen Sie uns an<\/h2>\n\t\t\n<style>\n#text-2911836041 {\n  font-size: 1.75rem;\n  text-align: center;\n}\n@media (min-width:550px) {\n  #text-2911836041 {\n    font-size: 1rem;\n  }\n}\n@media (min-width:850px) {\n  #text-2911836041 {\n    font-size: 1.25rem;\n  }\n}\n<\/style>\n\t<\/div>\n\t\n\t<div id=\"text-4005067081\" class=\"text\">\n\t\t\n<p>tel: <a href=\"tel:0038542641143\">+385 (0)42 641 143<\/a><br \/>tel: <a href=\"tel:0038542421492\">+385 (0)42 421 492<\/a><\/p>\n\t\t\n<style>\n#text-4005067081 {\n  font-size: 1rem;\n  text-align: center;\n}\n@media (min-width:550px) {\n  #text-4005067081 {\n    font-size: 0.9rem;\n  }\n}\n@media (min-width:850px) {\n  #text-4005067081 {\n    font-size: 1rem;\n  }\n}\n<\/style>\n\t<\/div>\n\t\n\t\t<\/div>\n\t\t\t\t\n<style>\n#col-358184855 > .col-inner {\n  padding: 50px 50px 71px 50px;\n}\n@media (min-width:550px) {\n  #col-358184855 > .col-inner {\n    padding: 10px 10px 10px 11px;\n  }\n}\n@media (min-width:850px) {\n  #col-358184855 > .col-inner {\n    padding: 10% 10% 10% 10%;\n  }\n}\n<\/style>\n\t<\/div>\n\n\t\n\n\t<div id=\"col-312787325\" class=\"col medium-4 small-12 large-4\"  >\n\t\t\t\t<div class=\"col-inner\"  >\n\t\t\t\n\t\t\t\n\n  <div class=\"banner has-hover\" id=\"banner-116294620\">\n          <div class=\"banner-inner fill\">\n        <div class=\"banner-bg fill\" >\n            <img loading=\"lazy\" decoding=\"async\" width=\"1020\" height=\"529\" src=\"https:\/\/atinel.hr\/de\/wp-content\/uploads\/2025\/07\/atinel-elektro-ormari-1024x531.jpg\" class=\"bg attachment-large size-large\" alt=\"\" \/>                                    \n                    <\/div>\n\t\t\n        <div class=\"banner-layers container\">\n            <div class=\"fill banner-link\"><\/div>            \n   <div id=\"text-box-16459552\" class=\"text-box banner-layer x50 md-x50 lg-x50 y50 md-y50 lg-y50 res-text\">\n                                <div class=\"text-box-content text dark\">\n              \n              <div class=\"text-inner text-center\">\n                  \n              <\/div>\n           <\/div>\n                            \n<style>\n#text-box-16459552 {\n  width: 60%;\n}\n#text-box-16459552 .text-box-content {\n  font-size: 100%;\n}\n@media (min-width:550px) {\n  #text-box-16459552 {\n    width: 60%;\n  }\n}\n<\/style>\n    <\/div>\n \n        <\/div>\n      <\/div>\n\n            \n<style>\n#banner-116294620 {\n  padding-top: 99.99%;\n  background-color: rgb(255, 255, 255);\n}\n<\/style>\n  <\/div>\n\n\n\t\t<\/div>\n\t\t\t\t\t<\/div>\n\n\t\n\n\t<div id=\"col-575077004\" class=\"col medium-4 small-12 large-4\"  >\n\t\t\t\t<div class=\"col-inner text-center\"  >\n\t\t\t\n\t\t\t\n\t<div id=\"gap-288460171\" class=\"gap-element clearfix\" style=\"display:block; height:auto;\">\n\t\t\n<style>\n#gap-288460171 {\n  padding-top: 25px;\n}\n<\/style>\n\t<\/div>\n\t\n\t<div class=\"img has-hover x md-x lg-x y md-y lg-y\" id=\"image_1844491080\">\n\t\t\t\t\t\t\t\t<div class=\"img-inner dark\" >\n\t\t\t<img loading=\"lazy\" decoding=\"async\" width=\"120\" height=\"120\" src=\"https:\/\/atinel.hr\/de\/wp-content\/uploads\/2025\/07\/mail-fill-1.png\" class=\"attachment-large size-large\" alt=\"\" \/>\t\t\t\t\t\t\n\t\t\t\t\t<\/div>\n\t\t\t\t\t\t\t\t\n<style>\n#image_1844491080 {\n  width: 23%;\n}\n@media (min-width:550px) {\n  #image_1844491080 {\n    width: 15%;\n  }\n}\n@media (min-width:850px) {\n  #image_1844491080 {\n    width: 23%;\n  }\n}\n<\/style>\n\t<\/div>\n\t\n\t<div id=\"text-2870465672\" class=\"text\">\n\t\t\n<h2>E-mail<\/h2>\n\t\t\n<style>\n#text-2870465672 {\n  font-size: 1.75rem;\n  text-align: center;\n}\n@media (min-width:550px) {\n  #text-2870465672 {\n    font-size: 1rem;\n  }\n}\n@media (min-width:850px) {\n  #text-2870465672 {\n    font-size: 1.25rem;\n  }\n}\n<\/style>\n\t<\/div>\n\t\n\t<div id=\"text-2035598545\" class=\"text\">\n\t\t\n<p><a href=\"mailto:info@atinel.hr\">info@atinel.hr<\/a><br \/><a href=\"mailto:atinel@atinel.hr\">atinel@atinel.hr<\/a><\/p>\n\t\t\n<style>\n#text-2035598545 {\n  font-size: 1rem;\n  text-align: center;\n}\n@media (min-width:550px) {\n  #text-2035598545 {\n    font-size: 0.9rem;\n  }\n}\n@media (min-width:850px) {\n  #text-2035598545 {\n    font-size: 1rem;\n  }\n}\n<\/style>\n\t<\/div>\n\t\n\t\t<\/div>\n\t\t\t\t\n<style>\n#col-575077004 > .col-inner {\n  padding: 50px 50px 71px 50px;\n}\n@media (min-width:550px) {\n  #col-575077004 > .col-inner {\n    padding: 10px 10px 10px 11px;\n  }\n}\n@media (min-width:850px) {\n  #col-575077004 > .col-inner {\n    padding: 10% 10% 10% 10%;\n  }\n}\n<\/style>\n\t<\/div>\n\n\t\n\n<style>\n#row-203284790 > .col > .col-inner {\n  background-color: rgb(238, 238, 238);\n}\n<\/style>\n<\/div>\n\t<div id=\"gap-1071243259\" class=\"gap-element clearfix\" style=\"display:block; height:auto;\">\n\t\t\n<style>\n#gap-1071243259 {\n  padding-top: 100px;\n}\n<\/style>\n\t<\/div>\n\t\n\t\t<\/div>\n\n\t\t\n<style>\n#section_1140856084 {\n  padding-top: 0px;\n  padding-bottom: 0px;\n}\n<\/style>\n\t<\/section>\n\t\n\n\t<section class=\"section\" id=\"section_745461708\">\n\t\t<div class=\"section-bg fill\" >\n\t\t\t\t\t\t\t\t\t\n\t\t\t\n\n\t\t<\/div>\n\n\t\t\n\n\t\t<div class=\"section-content relative\">\n\t\t\t\n<div class=\"row\"  id=\"row-1960725608\">\n\n\t<div id=\"col-635583891\" class=\"col small-12 large-12\"  >\n\t\t\t\t<div class=\"col-inner\"  >\n\t\t\t\n\t\t\t\n\t<div id=\"text-3786583564\" class=\"text\">\n\t\t\n<h2 style=\"text-transform: uppercase;\">Karte<\/h2>\n\t\t\n<style>\n#text-3786583564 {\n  font-size: 1.5rem;\n}\n<\/style>\n\t<\/div>\n\t\n<p><a href=\"https:\/\/maps.app.goo.gl\/CswZ16ihZgimRrPG8\" target=\"_blank\" rel=\"noopener\">Schauen Sie auf Google Maps nach.<\/a><\/p>\n<p><iframe src=\"https:\/\/www.google.com\/maps\/embed?pb=!1m18!1m12!1m3!1d2756.3048290318043!2d16.36748321273641!3d46.303783276908604!2m3!1f0!2f0!3f0!3m2!1i1024!2i768!4f13.1!3m3!1m2!1s0x4768aac222b90fdb%3A0x33ac00fc0435076e!2sATINEL%20Ltd.!5e0!3m2!1sen!2shr!4v1753288301970!5m2!1sen!2shr\" width=\"100%\" height=\"450\" style=\"border:0;\" allowfullscreen=\"\" loading=\"lazy\" referrerpolicy=\"no-referrer-when-downgrade\"><\/iframe><\/p>\n\t<div id=\"gap-667147218\" class=\"gap-element clearfix\" style=\"display:block; height:auto;\">\n\t\t\n<style>\n#gap-667147218 {\n  padding-top: 30px;\n}\n<\/style>\n\t<\/div>\n\t\n\t\t<\/div>\n\t\t\t\t\t<\/div>\n\n\t\n<\/div>\n\t\t<\/div>\n\n\t\t\n<style>\n#section_745461708 {\n  padding-top: 30px;\n  padding-bottom: 30px;\n}\n<\/style>\n\t<\/section>\n\t\n","protected":false},"excerpt":{"rendered":"","protected":false},"author":2,"featured_media":0,"parent":0,"menu_order":0,"comment_status":"closed","ping_status":"closed","template":"page-blank.php","meta":{"_monsterinsights_skip_tracking":false,"_monsterinsights_sitenote_active":false,"_monsterinsights_sitenote_note":"","_monsterinsights_sitenote_category":0,"footnotes":"","_links_to":"","_links_to_target":""},"class_list":["post-110","page","type-page","status-publish","hentry"],"yoast_head":"<!-- This site is optimized with the Yoast SEO plugin v25.9 - https:\/\/yoast.com\/wordpress\/plugins\/seo\/ -->\n<title>Kontakt - Atinel<\/title>\n<meta name=\"description\" content=\"innovative Automatisierungsl\u00f6sungen f\u00fcr die Automobilindustrie. Unternehmen weltweit mit ma\u00dfgeschneiderten Dienstleistungen und Beratung.\" \/>\n<meta name=\"robots\" content=\"index, follow, max-snippet:-1, max-image-preview:large, max-video-preview:-1\" \/>\n<link rel=\"canonical\" href=\"https:\/\/atinel.hr\/de\/kontakt\/\" \/>\n<meta property=\"og:locale\" content=\"de_DE\" \/>\n<meta property=\"og:type\" content=\"article\" \/>\n<meta property=\"og:title\" content=\"Kontakt - Atinel\" \/>\n<meta property=\"og:description\" content=\"innovative Automatisierungsl\u00f6sungen f\u00fcr die Automobilindustrie. Unternehmen weltweit mit ma\u00dfgeschneiderten Dienstleistungen und Beratung.\" \/>\n<meta property=\"og:url\" content=\"https:\/\/atinel.hr\/de\/kontakt\/\" \/>\n<meta property=\"og:site_name\" content=\"Atinel\" \/>\n<meta property=\"article:publisher\" content=\"https:\/\/www.facebook.com\/atinelhr\/?fref=ts\" \/>\n<meta property=\"article:modified_time\" content=\"2025-09-01T15:33:05+00:00\" \/>\n<meta name=\"twitter:card\" content=\"summary_large_image\" \/>\n<meta name=\"twitter:label1\" content=\"Gesch\u00e4tzte Lesezeit\" \/>\n\t<meta name=\"twitter:data1\" content=\"2\u00a0Minuten\" \/>\n<script type=\"application\/ld+json\" class=\"yoast-schema-graph\">{\"@context\":\"https:\/\/schema.org\",\"@graph\":[{\"@type\":\"WebPage\",\"@id\":\"https:\/\/atinel.hr\/de\/kontakt\/\",\"url\":\"https:\/\/atinel.hr\/de\/kontakt\/\",\"name\":\"Kontakt - Atinel\",\"isPartOf\":{\"@id\":\"https:\/\/atinel.hr\/de\/#website\"},\"datePublished\":\"2025-07-20T15:17:47+00:00\",\"dateModified\":\"2025-09-01T15:33:05+00:00\",\"description\":\"innovative Automatisierungsl\u00f6sungen f\u00fcr die Automobilindustrie. Unternehmen weltweit mit ma\u00dfgeschneiderten Dienstleistungen und Beratung.\",\"breadcrumb\":{\"@id\":\"https:\/\/atinel.hr\/de\/kontakt\/#breadcrumb\"},\"inLanguage\":\"de\",\"potentialAction\":[{\"@type\":\"ReadAction\",\"target\":[\"https:\/\/atinel.hr\/de\/kontakt\/\"]}]},{\"@type\":\"BreadcrumbList\",\"@id\":\"https:\/\/atinel.hr\/de\/kontakt\/#breadcrumb\",\"itemListElement\":[{\"@type\":\"ListItem\",\"position\":1,\"name\":\"Startseite\",\"item\":\"https:\/\/atinel.hr\/de\/\"},{\"@type\":\"ListItem\",\"position\":2,\"name\":\"Kontakt\"}]},{\"@type\":\"WebSite\",\"@id\":\"https:\/\/atinel.hr\/de\/#website\",\"url\":\"https:\/\/atinel.hr\/de\/\",\"name\":\"Atinel\",\"description\":\"Fachbetrieb f\u00fcr Automatisierung, Programmierung und Robotik\",\"publisher\":{\"@id\":\"https:\/\/atinel.hr\/de\/#organization\"},\"potentialAction\":[{\"@type\":\"SearchAction\",\"target\":{\"@type\":\"EntryPoint\",\"urlTemplate\":\"https:\/\/atinel.hr\/de\/?s={search_term_string}\"},\"query-input\":{\"@type\":\"PropertyValueSpecification\",\"valueRequired\":true,\"valueName\":\"search_term_string\"}}],\"inLanguage\":\"de\"},{\"@type\":\"Organization\",\"@id\":\"https:\/\/atinel.hr\/de\/#organization\",\"name\":\"Atinel\",\"url\":\"https:\/\/atinel.hr\/de\/\",\"logo\":{\"@type\":\"ImageObject\",\"inLanguage\":\"de\",\"@id\":\"https:\/\/atinel.hr\/de\/#\/schema\/logo\/image\/\",\"url\":\"https:\/\/atinel.hr\/de\/wp-content\/uploads\/2025\/07\/cropped-atinel-ico.png\",\"contentUrl\":\"https:\/\/atinel.hr\/de\/wp-content\/uploads\/2025\/07\/cropped-atinel-ico.png\",\"width\":512,\"height\":512,\"caption\":\"Atinel\"},\"image\":{\"@id\":\"https:\/\/atinel.hr\/de\/#\/schema\/logo\/image\/\"},\"sameAs\":[\"https:\/\/www.facebook.com\/atinelhr\/?fref=ts\"]}]}<\/script>\n<!-- \/ Yoast SEO plugin. -->","yoast_head_json":{"title":"Kontakt - Atinel","description":"innovative Automatisierungsl\u00f6sungen f\u00fcr die Automobilindustrie. Unternehmen weltweit mit ma\u00dfgeschneiderten Dienstleistungen und Beratung.","robots":{"index":"index","follow":"follow","max-snippet":"max-snippet:-1","max-image-preview":"max-image-preview:large","max-video-preview":"max-video-preview:-1"},"canonical":"https:\/\/atinel.hr\/de\/kontakt\/","og_locale":"de_DE","og_type":"article","og_title":"Kontakt - Atinel","og_description":"innovative Automatisierungsl\u00f6sungen f\u00fcr die Automobilindustrie. Unternehmen weltweit mit ma\u00dfgeschneiderten Dienstleistungen und Beratung.","og_url":"https:\/\/atinel.hr\/de\/kontakt\/","og_site_name":"Atinel","article_publisher":"https:\/\/www.facebook.com\/atinelhr\/?fref=ts","article_modified_time":"2025-09-01T15:33:05+00:00","twitter_card":"summary_large_image","twitter_misc":{"Gesch\u00e4tzte Lesezeit":"2\u00a0Minuten"},"schema":{"@context":"https:\/\/schema.org","@graph":[{"@type":"WebPage","@id":"https:\/\/atinel.hr\/de\/kontakt\/","url":"https:\/\/atinel.hr\/de\/kontakt\/","name":"Kontakt - Atinel","isPartOf":{"@id":"https:\/\/atinel.hr\/de\/#website"},"datePublished":"2025-07-20T15:17:47+00:00","dateModified":"2025-09-01T15:33:05+00:00","description":"innovative Automatisierungsl\u00f6sungen f\u00fcr die Automobilindustrie. Unternehmen weltweit mit ma\u00dfgeschneiderten Dienstleistungen und Beratung.","breadcrumb":{"@id":"https:\/\/atinel.hr\/de\/kontakt\/#breadcrumb"},"inLanguage":"de","potentialAction":[{"@type":"ReadAction","target":["https:\/\/atinel.hr\/de\/kontakt\/"]}]},{"@type":"BreadcrumbList","@id":"https:\/\/atinel.hr\/de\/kontakt\/#breadcrumb","itemListElement":[{"@type":"ListItem","position":1,"name":"Startseite","item":"https:\/\/atinel.hr\/de\/"},{"@type":"ListItem","position":2,"name":"Kontakt"}]},{"@type":"WebSite","@id":"https:\/\/atinel.hr\/de\/#website","url":"https:\/\/atinel.hr\/de\/","name":"Atinel","description":"Fachbetrieb f\u00fcr Automatisierung, Programmierung und Robotik","publisher":{"@id":"https:\/\/atinel.hr\/de\/#organization"},"potentialAction":[{"@type":"SearchAction","target":{"@type":"EntryPoint","urlTemplate":"https:\/\/atinel.hr\/de\/?s={search_term_string}"},"query-input":{"@type":"PropertyValueSpecification","valueRequired":true,"valueName":"search_term_string"}}],"inLanguage":"de"},{"@type":"Organization","@id":"https:\/\/atinel.hr\/de\/#organization","name":"Atinel","url":"https:\/\/atinel.hr\/de\/","logo":{"@type":"ImageObject","inLanguage":"de","@id":"https:\/\/atinel.hr\/de\/#\/schema\/logo\/image\/","url":"https:\/\/atinel.hr\/de\/wp-content\/uploads\/2025\/07\/cropped-atinel-ico.png","contentUrl":"https:\/\/atinel.hr\/de\/wp-content\/uploads\/2025\/07\/cropped-atinel-ico.png","width":512,"height":512,"caption":"Atinel"},"image":{"@id":"https:\/\/atinel.hr\/de\/#\/schema\/logo\/image\/"},"sameAs":["https:\/\/www.facebook.com\/atinelhr\/?fref=ts"]}]}},"_links":{"self":[{"href":"https:\/\/atinel.hr\/de\/wp-json\/wp\/v2\/pages\/110","targetHints":{"allow":["GET"]}}],"collection":[{"href":"https:\/\/atinel.hr\/de\/wp-json\/wp\/v2\/pages"}],"about":[{"href":"https:\/\/atinel.hr\/de\/wp-json\/wp\/v2\/types\/page"}],"author":[{"embeddable":true,"href":"https:\/\/atinel.hr\/de\/wp-json\/wp\/v2\/users\/2"}],"replies":[{"embeddable":true,"href":"https:\/\/atinel.hr\/de\/wp-json\/wp\/v2\/comments?post=110"}],"version-history":[{"count":10,"href":"https:\/\/atinel.hr\/de\/wp-json\/wp\/v2\/pages\/110\/revisions"}],"predecessor-version":[{"id":1749,"href":"https:\/\/atinel.hr\/de\/wp-json\/wp\/v2\/pages\/110\/revisions\/1749"}],"wp:attachment":[{"href":"https:\/\/atinel.hr\/de\/wp-json\/wp\/v2\/media?parent=110"}],"curies":[{"name":"wp","href":"https:\/\/api.w.org\/{rel}","templated":true}]}}