{"id":247,"date":"2025-07-20T20:21:25","date_gmt":"2025-07-20T18:21:25","guid":{"rendered":"https:\/\/atinel.hr\/de\/?page_id=247"},"modified":"2025-09-01T17:19:28","modified_gmt":"2025-09-01T15:19:28","slug":"agb","status":"publish","type":"page","link":"https:\/\/atinel.hr\/de\/agb\/","title":{"rendered":"AGB"},"content":{"rendered":"\n\t<section class=\"section\" id=\"section_433289415\">\n\t\t<div class=\"section-bg fill\" >\n\t\t\t\t\t\t\t\t\t\n\t\t\t\n\n\t\t<\/div>\n\n\t\t\n\n\t\t<div class=\"section-content relative\">\n\t\t\t\n<div class=\"slider-wrapper relative\" id=\"slider-1999655657\" >\n    <div class=\"slider slider-nav-simple slider-nav-large slider-nav-dark slider-style-normal\"\n        data-flickity-options='{\n            \"cellAlign\": \"center\",\n            \"imagesLoaded\": true,\n            \"lazyLoad\": 1,\n            \"freeScroll\": false,\n            \"wrapAround\": true,\n            \"autoPlay\": 4000,\n            \"pauseAutoPlayOnHover\" : false,\n            \"prevNextButtons\": false,\n            \"contain\" : true,\n            \"adaptiveHeight\" : true,\n            \"dragThreshold\" : 10,\n            \"percentPosition\": true,\n            \"pageDots\": true,\n            \"rightToLeft\": false,\n            \"draggable\": true,\n            \"selectedAttraction\": 0.1,\n            \"parallax\" : 7,\n            \"friction\": 0.6        }'\n        >\n        \n\n\t<section class=\"section\" id=\"section_446637990\">\n\t\t<div class=\"section-bg fill\" >\n\t\t\t<img loading=\"lazy\" decoding=\"async\" width=\"1600\" height=\"1067\" src=\"https:\/\/atinel.hr\/de\/wp-content\/uploads\/2025\/07\/koordinacija-cmm.jpg\" class=\"bg attachment-original size-original\" alt=\"\" \/>\t\t\t\t\t\t<div class=\"section-bg-overlay absolute fill\"><\/div>\n\t\t\t\n\n\t\t<\/div>\n\n\t\t\n\n\t\t<div class=\"section-content relative\">\n\t\t\t\n<div class=\"row\" style=\"max-width:1300px\" id=\"row-1791315307\">\n\n\t<div id=\"col-998348469\" class=\"col medium-8 small-12 large-6\"  >\n\t\t\t\t<div class=\"col-inner\"  >\n\t\t\t\n\t\t\t\n\t<div id=\"text-3305322340\" class=\"text\">\n\t\t\n<h6>ATINEL AUTOMATISIERUNG,<br \/>TELEKOMMUNIKATION,<br \/>IT, ELEKTRIZIT\u00c4T UND ELEKTRONIK,<br \/>PRODUKTION UND DIENSTLEISTUNGEN<\/h6>\n\t\t\n<style>\n#text-3305322340 {\n  color: rgb(255,255,255);\n}\n#text-3305322340 > * {\n  color: rgb(255,255,255);\n}\n<\/style>\n\t<\/div>\n\t\n\t<div id=\"text-2380188582\" class=\"text\">\n\t\t\n<h1>BEDINGUNGEN<\/h1>\n\t\t\n<style>\n#text-2380188582 {\n  font-size: 2rem;\n  color: rgb(255,255,255);\n}\n#text-2380188582 > * {\n  color: rgb(255,255,255);\n}\n<\/style>\n\t<\/div>\n\t\n\t\t<\/div>\n\t\t\t\t\t<\/div>\n\n\t\n<\/div>\n\t\t<\/div>\n\n\t\t\n<style>\n#section_446637990 {\n  padding-top: 0px;\n  padding-bottom: 0px;\n  min-height: 500px;\n  background-color: rgb(0,0,0);\n}\n#section_446637990 .section-bg-overlay {\n  background-color: rgba(0,0,0,.5);\n}\n#section_446637990 .section-bg img {\n  object-position: 44% 10%;\n}\n@media (min-width:550px) {\n  #section_446637990 {\n    min-height: 600px;\n  }\n  #section_446637990 .section-bg-overlay {\n    background-color: rgba(0,0,0,.5);\n  }\n}\n@media (min-width:850px) {\n  #section_446637990 .section-bg-overlay {\n    background-color: rgba(0,0,0,.5);\n  }\n}\n<\/style>\n\t<\/section>\n\t\n     <\/div>\n\n     <div class=\"loading-spin dark large centered\"><\/div>\n\n\t<\/div>\n\n\n\t\t<\/div>\n\n\t\t\n<style>\n#section_433289415 {\n  padding-top: 0px;\n  padding-bottom: 0px;\n}\n<\/style>\n\t<\/section>\n\t\n\n\t<section class=\"section\" id=\"section_1260600130\">\n\t\t<div class=\"section-bg fill\" >\n\t\t\t\t\t\t\t\t\t\n\t\t\t\n\n\t\t<\/div>\n\n\t\t\n\n\t\t<div class=\"section-content relative\">\n\t\t\t\n<div class=\"row row-collapse\" style=\"max-width:1300px\" id=\"row-425129804\">\n\n\t<div id=\"col-1482126442\" class=\"col medium-12 small-12 large-12\"  >\n\t\t\t\t<div class=\"col-inner text-center\" style=\"background-color:rgb(255, 255, 255);\" >\n\t\t\t\n\t\t\t\n\t<div id=\"text-2528942426\" class=\"text\">\n\t\t\n<h6><span style=\"color: #a39884;\">ATINEL<\/span><\/h6>\n\t\t\n<style>\n#text-2528942426 {\n  text-align: center;\n}\n<\/style>\n\t<\/div>\n\t\n\t<div id=\"text-3533850306\" class=\"text\">\n\t\t\n<h2>Nutzungsbedingungen<\/h2>\n\t\t\n<style>\n#text-3533850306 {\n  font-size: 1.5rem;\n  text-align: center;\n}\n<\/style>\n\t<\/div>\n\t\n<div class=\"is-divider divider clearfix\" style=\"max-width:100%;height:1px;background-color:rgb(0, 0, 0);\"><\/div>\n\t\t<\/div>\n\t\t\t\t\n<style>\n#col-1482126442 > .col-inner {\n  padding: 50px 10px 30px 10px;\n}\n@media (min-width:550px) {\n  #col-1482126442 > .col-inner {\n    padding: 10px 50px 5px 50px;\n  }\n}\n<\/style>\n\t<\/div>\n\n\t\n\n\t<div id=\"col-2078868711\" class=\"col medium-12 small-12 large-6\"  >\n\t\t\t\t<div class=\"col-inner text-center\" style=\"background-color:rgb(255, 255, 255);\" >\n\t\t\t\n\t\t\t\n\t<div id=\"text-4205350509\" class=\"text\">\n\t\t\n<p data-start=\"255\" data-end=\"501\">Willkommen auf der Website atinel.hr. Durch die Nutzung dieser Website erkl\u00e4ren Sie sich mit den folgenden Nutzungsbedingungen einverstanden. Bitte lesen Sie diese sorgf\u00e4ltig durch. Sollten Sie mit diesen Bedingungen nicht einverstanden sein, nutzen Sie diese Website bitte nicht.<\/p>\n<hr data-start=\"503\" data-end=\"506\" \/>\n<h3 data-start=\"508\" data-end=\"526\">1. Allgemeine Informationen<\/h3>\n<p data-start=\"528\" data-end=\"571\">Eigent\u00fcmer der Website atinel.hr ist:<\/p>\n<p data-start=\"573\" data-end=\"769\"><strong data-start=\"573\" data-end=\"590\">ATINEL d.o.o.<\/strong><br data-start=\"590\" data-end=\"593\" \/>Ku\u0107anska ulica 2, HR-42000 Vara\u017edin, Kroatien<br data-start=\"638\" data-end=\"641\" \/>OIB: 21867977389<br data-start=\"657\" data-end=\"660\" \/>Steuernummer: HR21867977389<br data-start=\"687\" data-end=\"690\" \/>Tel: +385 (0)42 641 143 \/ +385 (0)42 421 492<br data-start=\"734\" data-end=\"737\" \/>E-mail: <a href=\"mailto:info@atinel.hr\">info@atinel.hr<\/a><\/p>\n<hr data-start=\"771\" data-end=\"774\" \/>\n<h3 data-start=\"776\" data-end=\"808\">2. Inhalts- und Eigentumsrechte<\/h3>\n<p>Alle Inhalte dieser Website, einschlie\u00dflich Texte, Bilder, Logos, Grafiken, Dokumente und sonstige Materialien, sind urheberrechtlich und durch verwandte Schutzrechte gesch\u00fctzt und Eigentum von ATINEL d.o.o. oder werden mit entsprechender Genehmigung Dritter verwendet.<\/p>\n<p>Das Kopieren, Verteilen, Ver\u00f6ffentlichen oder Verwenden der Inhalte ist ohne ausdr\u00fcckliche schriftliche Genehmigung des Eigent\u00fcmers nicht gestattet.<\/p>\n<hr data-start=\"1192\" data-end=\"1195\" \/>\n<h3 data-start=\"1197\" data-end=\"1227\">3. Nutzung der Website<\/h3>\n<p>Der Nutzer verpflichtet sich, die Website ausschlie\u00dflich f\u00fcr legale Zwecke und in einer Weise zu nutzen, die die Rechte anderer Nutzer, Dritter oder des Eigent\u00fcmers der Website nicht verletzt.<\/p>\n<p>Es ist verboten:<\/p>\n<p>Die Nutzung der Website zur Verbreitung illegaler, bedrohlicher, missbr\u00e4uchlicher, falscher oder sch\u00e4dlicher Inhalte<\/p>\n<p>Der Versuch, unbefugt auf Teile der Website oder des Servers zuzugreifen<\/p>\n<p>Die unbefugte Nutzung automatisierter Tools (Bots, Skripte)<\/p>\n\t\t\n<style>\n#text-4205350509 {\n  text-align: left;\n}\n<\/style>\n\t<\/div>\n\t\n\t\t<\/div>\n\t\t\t\t\n<style>\n#col-2078868711 > .col-inner {\n  padding: 50px 10px 30px 10px;\n}\n@media (min-width:550px) {\n  #col-2078868711 > .col-inner {\n    padding: 10px 10px 10px 10px;\n  }\n}\n<\/style>\n\t<\/div>\n\n\t\n\n\t<div id=\"col-33204593\" class=\"col medium-12 small-12 large-6\"  >\n\t\t\t\t<div class=\"col-inner text-center\" style=\"background-color:rgb(255, 255, 255);\" >\n\t\t\t\n\t\t\t\n\t<div id=\"text-3016553798\" class=\"text\">\n\t\t\n<h3 data-start=\"1652\" data-end=\"1683\">4. Haftungsbeschr\u00e4nkung<\/h3>\n<p data-start=\"1685\" data-end=\"1940\">ATINEL d.o.o. ist um die Richtigkeit und Aktualit\u00e4t der auf der Website ver\u00f6ffentlichten Informationen bem\u00fcht, \u00fcbernimmt jedoch keine Gew\u00e4hr f\u00fcr deren Vollst\u00e4ndigkeit oder Richtigkeit. Das Unternehmen haftet nicht f\u00fcr Sch\u00e4den, die sich aus der Nutzung oder der Unm\u00f6glichkeit der Nutzung der Website ergeben. Die Nutzung der Website erfolgt auf eigene Gefahr.<\/p>\n<hr data-start=\"2209\" data-end=\"2212\" \/>\n<h3 data-start=\"1999\" data-end=\"2031\">5. Links zu Dritten<\/h3>\n<p data-start=\"2033\" data-end=\"2207\">Die Website kann Links zu anderen Websites enthalten, die nicht unserer Kontrolle unterliegen. Wir sind nicht f\u00fcr den Inhalt, die Datenschutzrichtlinien oder die Praktiken dieser Websites verantwortlich.<\/p>\n<hr data-start=\"2209\" data-end=\"2212\" \/>\n<h3 data-start=\"2214\" data-end=\"2236\">6. \u00c4nderungen der Bedingungen<\/h3>\n<p>ATINEL d.o.o. beh\u00e4lt sich das Recht vor, diese Nutzungsbedingungen jederzeit und ohne vorherige Ank\u00fcndigung zu \u00e4ndern. \u00c4nderungen treten mit der Ver\u00f6ffentlichung auf dieser Seite in Kraft.<\/p>\n<p>Wir empfehlen Ihnen, die Nutzungsbedingungen regelm\u00e4\u00dfig zu pr\u00fcfen.<\/p>\n<hr data-start=\"2463\" data-end=\"2466\" \/>\n<h3 data-start=\"2468\" data-end=\"2491\">7. Anwendbares Recht<\/h3>\n<p data-start=\"2493\" data-end=\"2634\">Diese Allgemeinen Gesch\u00e4ftsbedingungen unterliegen dem Recht der Republik Kroatien. F\u00fcr alle Streitigkeiten, die sich aus der Nutzung dieser Website ergeben, ist das Gericht in Vara\u017edin zust\u00e4ndig.<\/p>\n\t\t\n<style>\n#text-3016553798 {\n  text-align: left;\n}\n<\/style>\n\t<\/div>\n\t\n\t\t<\/div>\n\t\t\t\t\n<style>\n#col-33204593 > .col-inner {\n  padding: 50px 10px 30px 10px;\n}\n@media (min-width:550px) {\n  #col-33204593 > .col-inner {\n    padding: 10px 10px 10px 10px;\n  }\n}\n<\/style>\n\t<\/div>\n\n\t\n<\/div>\n\t<div id=\"gap-1498770482\" class=\"gap-element clearfix\" style=\"display:block; height:auto;\">\n\t\t\n<style>\n#gap-1498770482 {\n  padding-top: 30px;\n}\n<\/style>\n\t<\/div>\n\t\n\t\t<\/div>\n\n\t\t\n<style>\n#section_1260600130 {\n  padding-top: 50px;\n  padding-bottom: 50px;\n  background-color: rgb(255,255,255);\n}\n<\/style>\n\t<\/section>\n\t\n","protected":false},"excerpt":{"rendered":"","protected":false},"author":2,"featured_media":0,"parent":0,"menu_order":0,"comment_status":"closed","ping_status":"closed","template":"page-blank.php","meta":{"_monsterinsights_skip_tracking":false,"_monsterinsights_sitenote_active":false,"_monsterinsights_sitenote_note":"","_monsterinsights_sitenote_category":0,"footnotes":"","_links_to":"","_links_to_target":""},"class_list":["post-247","page","type-page","status-publish","hentry"],"yoast_head":"<!-- This site is optimized with the Yoast SEO plugin v25.9 - https:\/\/yoast.com\/wordpress\/plugins\/seo\/ -->\n<title>AGB - Atinel<\/title>\n<meta name=\"description\" content=\"Lesen Sie unsere Nutzungsbedingungen sorgf\u00e4ltig durch, um sicherzustellen, dass Sie mit ihnen einverstanden sind, bevor Sie die Website nutzen.\" \/>\n<meta name=\"robots\" content=\"index, follow, max-snippet:-1, max-image-preview:large, max-video-preview:-1\" \/>\n<link rel=\"canonical\" href=\"https:\/\/atinel.hr\/de\/agb\/\" \/>\n<meta property=\"og:locale\" content=\"de_DE\" \/>\n<meta property=\"og:type\" content=\"article\" \/>\n<meta property=\"og:title\" content=\"AGB - Atinel\" \/>\n<meta property=\"og:description\" content=\"Lesen Sie unsere Nutzungsbedingungen sorgf\u00e4ltig durch, um sicherzustellen, dass Sie mit ihnen einverstanden sind, bevor Sie die Website nutzen.\" \/>\n<meta property=\"og:url\" content=\"https:\/\/atinel.hr\/de\/agb\/\" \/>\n<meta property=\"og:site_name\" content=\"Atinel\" \/>\n<meta property=\"article:publisher\" content=\"https:\/\/www.facebook.com\/atinelhr\/?fref=ts\" \/>\n<meta property=\"article:modified_time\" content=\"2025-09-01T15:19:28+00:00\" \/>\n<meta name=\"twitter:card\" content=\"summary_large_image\" \/>\n<meta name=\"twitter:label1\" content=\"Gesch\u00e4tzte Lesezeit\" \/>\n\t<meta name=\"twitter:data1\" content=\"3\u00a0Minuten\" \/>\n<script type=\"application\/ld+json\" class=\"yoast-schema-graph\">{\"@context\":\"https:\/\/schema.org\",\"@graph\":[{\"@type\":\"WebPage\",\"@id\":\"https:\/\/atinel.hr\/de\/agb\/\",\"url\":\"https:\/\/atinel.hr\/de\/agb\/\",\"name\":\"AGB - Atinel\",\"isPartOf\":{\"@id\":\"https:\/\/atinel.hr\/de\/#website\"},\"datePublished\":\"2025-07-20T18:21:25+00:00\",\"dateModified\":\"2025-09-01T15:19:28+00:00\",\"description\":\"Lesen Sie unsere Nutzungsbedingungen sorgf\u00e4ltig durch, um sicherzustellen, dass Sie mit ihnen einverstanden sind, bevor Sie die Website nutzen.\",\"breadcrumb\":{\"@id\":\"https:\/\/atinel.hr\/de\/agb\/#breadcrumb\"},\"inLanguage\":\"de\",\"potentialAction\":[{\"@type\":\"ReadAction\",\"target\":[\"https:\/\/atinel.hr\/de\/agb\/\"]}]},{\"@type\":\"BreadcrumbList\",\"@id\":\"https:\/\/atinel.hr\/de\/agb\/#breadcrumb\",\"itemListElement\":[{\"@type\":\"ListItem\",\"position\":1,\"name\":\"Startseite\",\"item\":\"https:\/\/atinel.hr\/de\/\"},{\"@type\":\"ListItem\",\"position\":2,\"name\":\"AGB\"}]},{\"@type\":\"WebSite\",\"@id\":\"https:\/\/atinel.hr\/de\/#website\",\"url\":\"https:\/\/atinel.hr\/de\/\",\"name\":\"Atinel\",\"description\":\"Fachbetrieb f\u00fcr Automatisierung, Programmierung und Robotik\",\"publisher\":{\"@id\":\"https:\/\/atinel.hr\/de\/#organization\"},\"potentialAction\":[{\"@type\":\"SearchAction\",\"target\":{\"@type\":\"EntryPoint\",\"urlTemplate\":\"https:\/\/atinel.hr\/de\/?s={search_term_string}\"},\"query-input\":{\"@type\":\"PropertyValueSpecification\",\"valueRequired\":true,\"valueName\":\"search_term_string\"}}],\"inLanguage\":\"de\"},{\"@type\":\"Organization\",\"@id\":\"https:\/\/atinel.hr\/de\/#organization\",\"name\":\"Atinel\",\"url\":\"https:\/\/atinel.hr\/de\/\",\"logo\":{\"@type\":\"ImageObject\",\"inLanguage\":\"de\",\"@id\":\"https:\/\/atinel.hr\/de\/#\/schema\/logo\/image\/\",\"url\":\"https:\/\/atinel.hr\/de\/wp-content\/uploads\/2025\/07\/cropped-atinel-ico.png\",\"contentUrl\":\"https:\/\/atinel.hr\/de\/wp-content\/uploads\/2025\/07\/cropped-atinel-ico.png\",\"width\":512,\"height\":512,\"caption\":\"Atinel\"},\"image\":{\"@id\":\"https:\/\/atinel.hr\/de\/#\/schema\/logo\/image\/\"},\"sameAs\":[\"https:\/\/www.facebook.com\/atinelhr\/?fref=ts\"]}]}<\/script>\n<!-- \/ Yoast SEO plugin. -->","yoast_head_json":{"title":"AGB - Atinel","description":"Lesen Sie unsere Nutzungsbedingungen sorgf\u00e4ltig durch, um sicherzustellen, dass Sie mit ihnen einverstanden sind, bevor Sie die Website nutzen.","robots":{"index":"index","follow":"follow","max-snippet":"max-snippet:-1","max-image-preview":"max-image-preview:large","max-video-preview":"max-video-preview:-1"},"canonical":"https:\/\/atinel.hr\/de\/agb\/","og_locale":"de_DE","og_type":"article","og_title":"AGB - Atinel","og_description":"Lesen Sie unsere Nutzungsbedingungen sorgf\u00e4ltig durch, um sicherzustellen, dass Sie mit ihnen einverstanden sind, bevor Sie die Website nutzen.","og_url":"https:\/\/atinel.hr\/de\/agb\/","og_site_name":"Atinel","article_publisher":"https:\/\/www.facebook.com\/atinelhr\/?fref=ts","article_modified_time":"2025-09-01T15:19:28+00:00","twitter_card":"summary_large_image","twitter_misc":{"Gesch\u00e4tzte Lesezeit":"3\u00a0Minuten"},"schema":{"@context":"https:\/\/schema.org","@graph":[{"@type":"WebPage","@id":"https:\/\/atinel.hr\/de\/agb\/","url":"https:\/\/atinel.hr\/de\/agb\/","name":"AGB - Atinel","isPartOf":{"@id":"https:\/\/atinel.hr\/de\/#website"},"datePublished":"2025-07-20T18:21:25+00:00","dateModified":"2025-09-01T15:19:28+00:00","description":"Lesen Sie unsere Nutzungsbedingungen sorgf\u00e4ltig durch, um sicherzustellen, dass Sie mit ihnen einverstanden sind, bevor Sie die Website nutzen.","breadcrumb":{"@id":"https:\/\/atinel.hr\/de\/agb\/#breadcrumb"},"inLanguage":"de","potentialAction":[{"@type":"ReadAction","target":["https:\/\/atinel.hr\/de\/agb\/"]}]},{"@type":"BreadcrumbList","@id":"https:\/\/atinel.hr\/de\/agb\/#breadcrumb","itemListElement":[{"@type":"ListItem","position":1,"name":"Startseite","item":"https:\/\/atinel.hr\/de\/"},{"@type":"ListItem","position":2,"name":"AGB"}]},{"@type":"WebSite","@id":"https:\/\/atinel.hr\/de\/#website","url":"https:\/\/atinel.hr\/de\/","name":"Atinel","description":"Fachbetrieb f\u00fcr Automatisierung, Programmierung und Robotik","publisher":{"@id":"https:\/\/atinel.hr\/de\/#organization"},"potentialAction":[{"@type":"SearchAction","target":{"@type":"EntryPoint","urlTemplate":"https:\/\/atinel.hr\/de\/?s={search_term_string}"},"query-input":{"@type":"PropertyValueSpecification","valueRequired":true,"valueName":"search_term_string"}}],"inLanguage":"de"},{"@type":"Organization","@id":"https:\/\/atinel.hr\/de\/#organization","name":"Atinel","url":"https:\/\/atinel.hr\/de\/","logo":{"@type":"ImageObject","inLanguage":"de","@id":"https:\/\/atinel.hr\/de\/#\/schema\/logo\/image\/","url":"https:\/\/atinel.hr\/de\/wp-content\/uploads\/2025\/07\/cropped-atinel-ico.png","contentUrl":"https:\/\/atinel.hr\/de\/wp-content\/uploads\/2025\/07\/cropped-atinel-ico.png","width":512,"height":512,"caption":"Atinel"},"image":{"@id":"https:\/\/atinel.hr\/de\/#\/schema\/logo\/image\/"},"sameAs":["https:\/\/www.facebook.com\/atinelhr\/?fref=ts"]}]}},"_links":{"self":[{"href":"https:\/\/atinel.hr\/de\/wp-json\/wp\/v2\/pages\/247","targetHints":{"allow":["GET"]}}],"collection":[{"href":"https:\/\/atinel.hr\/de\/wp-json\/wp\/v2\/pages"}],"about":[{"href":"https:\/\/atinel.hr\/de\/wp-json\/wp\/v2\/types\/page"}],"author":[{"embeddable":true,"href":"https:\/\/atinel.hr\/de\/wp-json\/wp\/v2\/users\/2"}],"replies":[{"embeddable":true,"href":"https:\/\/atinel.hr\/de\/wp-json\/wp\/v2\/comments?post=247"}],"version-history":[{"count":14,"href":"https:\/\/atinel.hr\/de\/wp-json\/wp\/v2\/pages\/247\/revisions"}],"predecessor-version":[{"id":1578,"href":"https:\/\/atinel.hr\/de\/wp-json\/wp\/v2\/pages\/247\/revisions\/1578"}],"wp:attachment":[{"href":"https:\/\/atinel.hr\/de\/wp-json\/wp\/v2\/media?parent=247"}],"curies":[{"name":"wp","href":"https:\/\/api.w.org\/{rel}","templated":true}]}}