{"id":250,"date":"2025-07-20T20:23:28","date_gmt":"2025-07-20T18:23:28","guid":{"rendered":"https:\/\/atinel.hr\/de\/?page_id=250"},"modified":"2025-09-01T17:24:25","modified_gmt":"2025-09-01T15:24:25","slug":"datenschutz","status":"publish","type":"page","link":"https:\/\/atinel.hr\/de\/datenschutz\/","title":{"rendered":"Datenschutz"},"content":{"rendered":"\n\t<section class=\"section\" id=\"section_1245836878\">\n\t\t<div class=\"section-bg fill\" >\n\t\t\t\t\t\t\t\t\t\n\t\t\t\n\n\t\t<\/div>\n\n\t\t\n\n\t\t<div class=\"section-content relative\">\n\t\t\t\n<div class=\"slider-wrapper relative\" id=\"slider-654360854\" >\n    <div class=\"slider slider-nav-simple slider-nav-large slider-nav-dark slider-style-normal\"\n        data-flickity-options='{\n            \"cellAlign\": \"center\",\n            \"imagesLoaded\": true,\n            \"lazyLoad\": 1,\n            \"freeScroll\": false,\n            \"wrapAround\": true,\n            \"autoPlay\": 4000,\n            \"pauseAutoPlayOnHover\" : false,\n            \"prevNextButtons\": false,\n            \"contain\" : true,\n            \"adaptiveHeight\" : true,\n            \"dragThreshold\" : 10,\n            \"percentPosition\": true,\n            \"pageDots\": true,\n            \"rightToLeft\": false,\n            \"draggable\": true,\n            \"selectedAttraction\": 0.1,\n            \"parallax\" : 7,\n            \"friction\": 0.6        }'\n        >\n        \n\n\t<section class=\"section\" id=\"section_534464159\">\n\t\t<div class=\"section-bg fill\" >\n\t\t\t<img loading=\"lazy\" decoding=\"async\" width=\"1700\" height=\"1133\" src=\"https:\/\/atinel.hr\/de\/wp-content\/uploads\/2025\/07\/atinel-automatizacije.jpg\" class=\"bg attachment- size-\" alt=\"\" \/>\t\t\t\t\t\t<div class=\"section-bg-overlay absolute fill\"><\/div>\n\t\t\t\n\n\t\t<\/div>\n\n\t\t\n\n\t\t<div class=\"section-content relative\">\n\t\t\t\n<div class=\"row\" style=\"max-width:1300px\" id=\"row-416124564\">\n\n\t<div id=\"col-1451062745\" class=\"col medium-8 small-12 large-6\"  >\n\t\t\t\t<div class=\"col-inner\"  >\n\t\t\t\n\t\t\t\n\t<div id=\"text-2608106060\" class=\"text\">\n\t\t\n<h6><span style=\"color: #fff;\">ATINEL Automobilindustrie &#038; MASCHINENBAU<\/span><\/h6>\n\t\t\n<style>\n#text-2608106060 {\n  color: rgb(255,255,255);\n}\n#text-2608106060 > * {\n  color: rgb(255,255,255);\n}\n<\/style>\n\t<\/div>\n\t\n\t<div id=\"text-102794360\" class=\"text\">\n\t\t\n<h1 style=\"text-transform: uppercase;\">Datenschutz<\/h1>\n\t\t\n<style>\n#text-102794360 {\n  font-size: 2rem;\n  color: rgb(255,255,255);\n}\n#text-102794360 > * {\n  color: rgb(255,255,255);\n}\n<\/style>\n\t<\/div>\n\t\n\t\t<\/div>\n\t\t\t\t\t<\/div>\n\n\t\n<\/div>\n\t\t<\/div>\n\n\t\t\n<style>\n#section_534464159 {\n  padding-top: 0px;\n  padding-bottom: 0px;\n  min-height: 500px;\n  background-color: rgb(0,0,0);\n}\n#section_534464159 .section-bg-overlay {\n  background-color: rgba(0,0,0,.5);\n}\n#section_534464159 .section-bg img {\n  object-position: 44% 10%;\n}\n@media (min-width:550px) {\n  #section_534464159 {\n    min-height: 600px;\n  }\n  #section_534464159 .section-bg-overlay {\n    background-color: rgba(0,0,0,.5);\n  }\n}\n@media (min-width:850px) {\n  #section_534464159 .section-bg-overlay {\n    background-color: rgba(0,0,0,.5);\n  }\n}\n<\/style>\n\t<\/section>\n\t\n     <\/div>\n\n     <div class=\"loading-spin dark large centered\"><\/div>\n\n\t<\/div>\n\n\n\t\t<\/div>\n\n\t\t\n<style>\n#section_1245836878 {\n  padding-top: 0px;\n  padding-bottom: 0px;\n}\n<\/style>\n\t<\/section>\n\t\n\n\t<section class=\"section\" id=\"section_1691982385\">\n\t\t<div class=\"section-bg fill\" >\n\t\t\t\t\t\t\t\t\t\n\t\t\t\n\n\t\t<\/div>\n\n\t\t\n\n\t\t<div class=\"section-content relative\">\n\t\t\t\n<div class=\"row row-collapse\" style=\"max-width:1300px\" id=\"row-2046858916\">\n\n\t<div id=\"col-260932812\" class=\"col medium-12 small-12 large-12\"  >\n\t\t\t\t<div class=\"col-inner text-center\" style=\"background-color:rgb(255, 255, 255);\" >\n\t\t\t\n\t\t\t\n\t<div id=\"text-2222733555\" class=\"text\">\n\t\t\n<h6><span style=\"color: #a39884;\">ATINEL <\/span><\/h6>\n\t\t\n<style>\n#text-2222733555 {\n  text-align: center;\n}\n<\/style>\n\t<\/div>\n\t\n\t<div id=\"text-1547438601\" class=\"text\">\n\t\t\n<h2>Datenschutz<\/h2>\n\t\t\n<style>\n#text-1547438601 {\n  font-size: 1.5rem;\n  text-align: center;\n}\n<\/style>\n\t<\/div>\n\t\n<div class=\"is-divider divider clearfix\" style=\"max-width:100%;height:1px;background-color:rgb(0, 0, 0);\"><\/div>\n\t\t<\/div>\n\t\t\t\t\n<style>\n#col-260932812 > .col-inner {\n  padding: 50px 10px 30px 10px;\n}\n@media (min-width:550px) {\n  #col-260932812 > .col-inner {\n    padding: 10px 50px 5px 50px;\n  }\n}\n<\/style>\n\t<\/div>\n\n\t\n\n\t<div id=\"col-232180014\" class=\"col medium-12 small-12 large-6\"  >\n\t\t\t\t<div class=\"col-inner text-center\" style=\"background-color:rgb(255, 255, 255);\" >\n\t\t\t\n\t\t\t\n\t<div id=\"text-796302512\" class=\"text\">\n\t\t\n<p data-start=\"295\" data-end=\"533\">ATINEL d.o.o. respektiert Ihre Privatsph\u00e4re und verpflichtet sich zum Schutz Ihrer personenbezogenen Daten. Diese Datenschutzrichtlinie erl\u00e4utert, wie wir die Informationen, die Sie uns bei der Nutzung unserer Website atinel.hr zur Verf\u00fcgung stellen, erfassen, verwenden und sch\u00fctzen.<\/p>\n<h3 data-start=\"535\" data-end=\"566\">1. Datenverarbeitungsmanager<\/h3>\n<p data-start=\"568\" data-end=\"783\"><strong data-start=\"568\" data-end=\"585\">ATINEL d.o.o.<\/strong><br data-start=\"585\" data-end=\"588\" \/>Ku\u0107anska ulica 2, HR-42000 Vara\u017edin, Kroatien<br data-start=\"633\" data-end=\"636\" \/>Tel: +385 (0)42 641 143 \/ +385 (0)42 421 492<br data-start=\"680\" data-end=\"683\" \/>OIB: 21867977389<br data-start=\"699\" data-end=\"702\" \/>Steuernummer: HR21867977389<br data-start=\"729\" data-end=\"732\" \/>E-mail: <a class=\"cursor-pointer\" href=\"mailto:info@atinel.hr\" rel=\"noopener\">info@atinel.hr<\/a><\/p>\n<hr data-start=\"785\" data-end=\"788\" \/>\n<h3 data-start=\"790\" data-end=\"822\">2. Welche Daten erheben wir?<\/h3>\n<p>Wir k\u00f6nnen folgende personenbezogene Daten erheben:<\/p>\n<p>Vor- und Nachname<\/p>\n<p>Kontaktdaten (E-Mail, Telefonnummer)<\/p>\n<p>IP-Adresse<\/p>\n<p>Website-Nutzungsdaten (Cookies, Protokolle)<\/p>\n<p>Weitere Informationen, die Sie uns freiwillig \u00fcber das Kontaktformular oder per E-Mail zur Verf\u00fcgung stellen<\/p>\n<hr data-start=\"1089\" data-end=\"1092\" \/>\n<h3 data-start=\"1094\" data-end=\"1129\">3. Wie verwenden wir Ihre Daten?<\/h3>\n<p>Wir erheben und verarbeiten Daten zu folgenden Zwecken:<\/p>\n<p>Beantwortung von Anfragen \u00fcber das Kontaktformular<\/p>\n<p>Verbesserung des Nutzererlebnisses auf der Website<\/p>\n<p>Verkehrsanalyse und Optimierung von Webinhalten<\/p>\n<p>Einhaltung gesetzlicher Verpflichtungen<\/p>\n<hr data-start=\"1357\" data-end=\"1360\" \/>\n<h3 data-start=\"1362\" data-end=\"1387\">4. Cookies<\/h3>\n<p data-start=\"1389\" data-end=\"1610\">Diese Website verwendet Cookies, um den ordnungsgem\u00e4\u00dfen Betrieb sicherzustellen und die Funktionalit\u00e4t zu verbessern. Durch die Nutzung der Website stimmen Sie der Verwendung von Cookies zu. Weitere Informationen zu Cookies finden Sie in unserer [<a href=\"https:\/\/atinel.hr\/de\/cookies\/\">Cookie-Richtlinie<\/a>].<\/p>\n\t\t\n<style>\n#text-796302512 {\n  text-align: left;\n}\n<\/style>\n\t<\/div>\n\t\n\t\t<\/div>\n\t\t\t\t\n<style>\n#col-232180014 > .col-inner {\n  padding: 50px 10px 30px 10px;\n}\n@media (min-width:550px) {\n  #col-232180014 > .col-inner {\n    padding: 10px 10px 10px 10px;\n  }\n}\n<\/style>\n\t<\/div>\n\n\t\n\n\t<div id=\"col-1058794048\" class=\"col medium-12 small-12 large-6\"  >\n\t\t\t\t<div class=\"col-inner text-center\" style=\"background-color:rgb(255, 255, 255);\" >\n\t\t\t\n\t\t\t\n\t<div id=\"text-3009564503\" class=\"text\">\n\t\t\n<h3 data-start=\"1617\" data-end=\"1643\">5. Datenaustausch<\/h3>\n<p data-start=\"1645\" data-end=\"1822\">Ihre Daten werden nicht an Dritte verkauft, vermietet oder weitergegeben, es sei denn, dies ist gesetzlich vorgeschrieben oder zur Erf\u00fcllung vertraglicher Verpflichtungen (zB IT-Dienstleister) erforderlich.<\/p>\n<hr data-start=\"2006\" data-end=\"2009\" \/>\n<h3 data-start=\"1829\" data-end=\"1863\">6. Wie lange speichern wir Daten?<\/h3>\n<p data-start=\"1865\" data-end=\"2004\">Wir bewahren Ihre personenbezogenen Daten so lange auf, wie dies zur Erf\u00fcllung des Zwecks, f\u00fcr den sie erhoben wurden, oder gem\u00e4\u00df gesetzlichen Verpflichtungen erforderlich ist.<\/p>\n<hr data-start=\"2006\" data-end=\"2009\" \/>\n<h3 data-start=\"2011\" data-end=\"2028\">7. Ihre Rechte<\/h3>\n<p>Sie haben das Recht auf:<\/p>\n<p>Zugriff auf Ihre personenbezogenen Daten<\/p>\n<p>Berichtigung unrichtiger Daten<\/p>\n<p>L\u00f6schung von Daten (\u201eRecht auf Vergessenwerden\u201c)<\/p>\n<p>Einschr\u00e4nkung der Verarbeitung<\/p>\n<p>Widerspruch gegen die Verarbeitung<\/p>\n<p>Daten\u00fcbertragbarkeit<\/p>\n<p>Um Ihre Rechte auszu\u00fcben, kontaktieren Sie uns bitte unter den oben angegebenen Kontaktdaten.<\/p>\n<hr data-start=\"2293\" data-end=\"2296\" \/>\n<h3 data-start=\"2298\" data-end=\"2323\">8. Datensicherheit<\/h3>\n<p data-start=\"2325\" data-end=\"2475\">Wir ergreifen geeignete technische und organisatorische Ma\u00dfnahmen, um Ihre personenbezogenen Daten vor unberechtigtem Zugriff, Verlust, Missbrauch oder Zerst\u00f6rung zu sch\u00fctzen.<\/p>\n<hr data-start=\"2477\" data-end=\"2480\" \/>\n<h3 data-start=\"2482\" data-end=\"2518\">9. \u00c4nderungen der Datenschutzbestimmungen<\/h3>\n<p data-start=\"2520\" data-end=\"2651\">Wir behalten uns das Recht vor, diese Datenschutzrichtlinie zu \u00e4ndern. Alle \u00c4nderungen werden auf dieser Seite ver\u00f6ffentlicht und treten mit dem Datum der Ver\u00f6ffentlichung in Kraft.<\/p>\n\t\t\n<style>\n#text-3009564503 {\n  text-align: left;\n}\n<\/style>\n\t<\/div>\n\t\n\t\t<\/div>\n\t\t\t\t\n<style>\n#col-1058794048 > .col-inner {\n  padding: 50px 10px 30px 10px;\n}\n@media (min-width:550px) {\n  #col-1058794048 > .col-inner {\n    padding: 10px 10px 10px 10px;\n  }\n}\n<\/style>\n\t<\/div>\n\n\t\n<\/div>\n\t<div id=\"gap-103938135\" class=\"gap-element clearfix\" style=\"display:block; height:auto;\">\n\t\t\n<style>\n#gap-103938135 {\n  padding-top: 30px;\n}\n<\/style>\n\t<\/div>\n\t\n\t\t<\/div>\n\n\t\t\n<style>\n#section_1691982385 {\n  padding-top: 50px;\n  padding-bottom: 50px;\n  background-color: rgb(255,255,255);\n}\n<\/style>\n\t<\/section>\n\t\n","protected":false},"excerpt":{"rendered":"","protected":false},"author":2,"featured_media":0,"parent":0,"menu_order":0,"comment_status":"closed","ping_status":"closed","template":"page-blank.php","meta":{"_monsterinsights_skip_tracking":false,"_monsterinsights_sitenote_active":false,"_monsterinsights_sitenote_note":"","_monsterinsights_sitenote_category":0,"footnotes":"","_links_to":"","_links_to_target":""},"class_list":["post-250","page","type-page","status-publish","hentry"],"yoast_head":"<!-- This site is optimized with the Yoast SEO plugin v25.9 - https:\/\/yoast.com\/wordpress\/plugins\/seo\/ -->\n<title>Datenschutz - Atinel<\/title>\n<meta name=\"description\" content=\"Wie ATINEL d.o.o. Ihre Privatsph\u00e4re sch\u00fctzt. Unsere Datenschutzrichtlinie erkl\u00e4rt die Erfassung, Nutzung und Sicherheit Ihrer Daten.\" \/>\n<meta name=\"robots\" content=\"index, follow, max-snippet:-1, max-image-preview:large, max-video-preview:-1\" \/>\n<link rel=\"canonical\" href=\"https:\/\/atinel.hr\/de\/datenschutz\/\" \/>\n<meta property=\"og:locale\" content=\"de_DE\" \/>\n<meta property=\"og:type\" content=\"article\" \/>\n<meta property=\"og:title\" content=\"Datenschutz - Atinel\" \/>\n<meta property=\"og:description\" content=\"Wie ATINEL d.o.o. Ihre Privatsph\u00e4re sch\u00fctzt. Unsere Datenschutzrichtlinie erkl\u00e4rt die Erfassung, Nutzung und Sicherheit Ihrer Daten.\" \/>\n<meta property=\"og:url\" content=\"https:\/\/atinel.hr\/de\/datenschutz\/\" \/>\n<meta property=\"og:site_name\" content=\"Atinel\" \/>\n<meta property=\"article:publisher\" content=\"https:\/\/www.facebook.com\/atinelhr\/?fref=ts\" \/>\n<meta property=\"article:modified_time\" content=\"2025-09-01T15:24:25+00:00\" \/>\n<meta name=\"twitter:card\" content=\"summary_large_image\" \/>\n<meta name=\"twitter:label1\" content=\"Gesch\u00e4tzte Lesezeit\" \/>\n\t<meta name=\"twitter:data1\" content=\"3\u00a0Minuten\" \/>\n<script type=\"application\/ld+json\" class=\"yoast-schema-graph\">{\"@context\":\"https:\/\/schema.org\",\"@graph\":[{\"@type\":\"WebPage\",\"@id\":\"https:\/\/atinel.hr\/de\/datenschutz\/\",\"url\":\"https:\/\/atinel.hr\/de\/datenschutz\/\",\"name\":\"Datenschutz - Atinel\",\"isPartOf\":{\"@id\":\"https:\/\/atinel.hr\/de\/#website\"},\"datePublished\":\"2025-07-20T18:23:28+00:00\",\"dateModified\":\"2025-09-01T15:24:25+00:00\",\"description\":\"Wie ATINEL d.o.o. Ihre Privatsph\u00e4re sch\u00fctzt. Unsere Datenschutzrichtlinie erkl\u00e4rt die Erfassung, Nutzung und Sicherheit Ihrer Daten.\",\"breadcrumb\":{\"@id\":\"https:\/\/atinel.hr\/de\/datenschutz\/#breadcrumb\"},\"inLanguage\":\"de\",\"potentialAction\":[{\"@type\":\"ReadAction\",\"target\":[\"https:\/\/atinel.hr\/de\/datenschutz\/\"]}]},{\"@type\":\"BreadcrumbList\",\"@id\":\"https:\/\/atinel.hr\/de\/datenschutz\/#breadcrumb\",\"itemListElement\":[{\"@type\":\"ListItem\",\"position\":1,\"name\":\"Startseite\",\"item\":\"https:\/\/atinel.hr\/de\/\"},{\"@type\":\"ListItem\",\"position\":2,\"name\":\"Datenschutz\"}]},{\"@type\":\"WebSite\",\"@id\":\"https:\/\/atinel.hr\/de\/#website\",\"url\":\"https:\/\/atinel.hr\/de\/\",\"name\":\"Atinel\",\"description\":\"Fachbetrieb f\u00fcr Automatisierung, Programmierung und Robotik\",\"publisher\":{\"@id\":\"https:\/\/atinel.hr\/de\/#organization\"},\"potentialAction\":[{\"@type\":\"SearchAction\",\"target\":{\"@type\":\"EntryPoint\",\"urlTemplate\":\"https:\/\/atinel.hr\/de\/?s={search_term_string}\"},\"query-input\":{\"@type\":\"PropertyValueSpecification\",\"valueRequired\":true,\"valueName\":\"search_term_string\"}}],\"inLanguage\":\"de\"},{\"@type\":\"Organization\",\"@id\":\"https:\/\/atinel.hr\/de\/#organization\",\"name\":\"Atinel\",\"url\":\"https:\/\/atinel.hr\/de\/\",\"logo\":{\"@type\":\"ImageObject\",\"inLanguage\":\"de\",\"@id\":\"https:\/\/atinel.hr\/de\/#\/schema\/logo\/image\/\",\"url\":\"https:\/\/atinel.hr\/de\/wp-content\/uploads\/2025\/07\/cropped-atinel-ico.png\",\"contentUrl\":\"https:\/\/atinel.hr\/de\/wp-content\/uploads\/2025\/07\/cropped-atinel-ico.png\",\"width\":512,\"height\":512,\"caption\":\"Atinel\"},\"image\":{\"@id\":\"https:\/\/atinel.hr\/de\/#\/schema\/logo\/image\/\"},\"sameAs\":[\"https:\/\/www.facebook.com\/atinelhr\/?fref=ts\"]}]}<\/script>\n<!-- \/ Yoast SEO plugin. -->","yoast_head_json":{"title":"Datenschutz - Atinel","description":"Wie ATINEL d.o.o. Ihre Privatsph\u00e4re sch\u00fctzt. Unsere Datenschutzrichtlinie erkl\u00e4rt die Erfassung, Nutzung und Sicherheit Ihrer Daten.","robots":{"index":"index","follow":"follow","max-snippet":"max-snippet:-1","max-image-preview":"max-image-preview:large","max-video-preview":"max-video-preview:-1"},"canonical":"https:\/\/atinel.hr\/de\/datenschutz\/","og_locale":"de_DE","og_type":"article","og_title":"Datenschutz - Atinel","og_description":"Wie ATINEL d.o.o. Ihre Privatsph\u00e4re sch\u00fctzt. Unsere Datenschutzrichtlinie erkl\u00e4rt die Erfassung, Nutzung und Sicherheit Ihrer Daten.","og_url":"https:\/\/atinel.hr\/de\/datenschutz\/","og_site_name":"Atinel","article_publisher":"https:\/\/www.facebook.com\/atinelhr\/?fref=ts","article_modified_time":"2025-09-01T15:24:25+00:00","twitter_card":"summary_large_image","twitter_misc":{"Gesch\u00e4tzte Lesezeit":"3\u00a0Minuten"},"schema":{"@context":"https:\/\/schema.org","@graph":[{"@type":"WebPage","@id":"https:\/\/atinel.hr\/de\/datenschutz\/","url":"https:\/\/atinel.hr\/de\/datenschutz\/","name":"Datenschutz - Atinel","isPartOf":{"@id":"https:\/\/atinel.hr\/de\/#website"},"datePublished":"2025-07-20T18:23:28+00:00","dateModified":"2025-09-01T15:24:25+00:00","description":"Wie ATINEL d.o.o. Ihre Privatsph\u00e4re sch\u00fctzt. Unsere Datenschutzrichtlinie erkl\u00e4rt die Erfassung, Nutzung und Sicherheit Ihrer Daten.","breadcrumb":{"@id":"https:\/\/atinel.hr\/de\/datenschutz\/#breadcrumb"},"inLanguage":"de","potentialAction":[{"@type":"ReadAction","target":["https:\/\/atinel.hr\/de\/datenschutz\/"]}]},{"@type":"BreadcrumbList","@id":"https:\/\/atinel.hr\/de\/datenschutz\/#breadcrumb","itemListElement":[{"@type":"ListItem","position":1,"name":"Startseite","item":"https:\/\/atinel.hr\/de\/"},{"@type":"ListItem","position":2,"name":"Datenschutz"}]},{"@type":"WebSite","@id":"https:\/\/atinel.hr\/de\/#website","url":"https:\/\/atinel.hr\/de\/","name":"Atinel","description":"Fachbetrieb f\u00fcr Automatisierung, Programmierung und Robotik","publisher":{"@id":"https:\/\/atinel.hr\/de\/#organization"},"potentialAction":[{"@type":"SearchAction","target":{"@type":"EntryPoint","urlTemplate":"https:\/\/atinel.hr\/de\/?s={search_term_string}"},"query-input":{"@type":"PropertyValueSpecification","valueRequired":true,"valueName":"search_term_string"}}],"inLanguage":"de"},{"@type":"Organization","@id":"https:\/\/atinel.hr\/de\/#organization","name":"Atinel","url":"https:\/\/atinel.hr\/de\/","logo":{"@type":"ImageObject","inLanguage":"de","@id":"https:\/\/atinel.hr\/de\/#\/schema\/logo\/image\/","url":"https:\/\/atinel.hr\/de\/wp-content\/uploads\/2025\/07\/cropped-atinel-ico.png","contentUrl":"https:\/\/atinel.hr\/de\/wp-content\/uploads\/2025\/07\/cropped-atinel-ico.png","width":512,"height":512,"caption":"Atinel"},"image":{"@id":"https:\/\/atinel.hr\/de\/#\/schema\/logo\/image\/"},"sameAs":["https:\/\/www.facebook.com\/atinelhr\/?fref=ts"]}]}},"_links":{"self":[{"href":"https:\/\/atinel.hr\/de\/wp-json\/wp\/v2\/pages\/250","targetHints":{"allow":["GET"]}}],"collection":[{"href":"https:\/\/atinel.hr\/de\/wp-json\/wp\/v2\/pages"}],"about":[{"href":"https:\/\/atinel.hr\/de\/wp-json\/wp\/v2\/types\/page"}],"author":[{"embeddable":true,"href":"https:\/\/atinel.hr\/de\/wp-json\/wp\/v2\/users\/2"}],"replies":[{"embeddable":true,"href":"https:\/\/atinel.hr\/de\/wp-json\/wp\/v2\/comments?post=250"}],"version-history":[{"count":12,"href":"https:\/\/atinel.hr\/de\/wp-json\/wp\/v2\/pages\/250\/revisions"}],"predecessor-version":[{"id":1600,"href":"https:\/\/atinel.hr\/de\/wp-json\/wp\/v2\/pages\/250\/revisions\/1600"}],"wp:attachment":[{"href":"https:\/\/atinel.hr\/de\/wp-json\/wp\/v2\/media?parent=250"}],"curies":[{"name":"wp","href":"https:\/\/api.w.org\/{rel}","templated":true}]}}