{"id":253,"date":"2025-07-20T20:24:38","date_gmt":"2025-07-20T18:24:38","guid":{"rendered":"https:\/\/atinel.hr\/de\/?page_id=253"},"modified":"2025-09-01T17:23:41","modified_gmt":"2025-09-01T15:23:41","slug":"cookies","status":"publish","type":"page","link":"https:\/\/atinel.hr\/de\/cookies\/","title":{"rendered":"Cookies"},"content":{"rendered":"\n\t<section class=\"section\" id=\"section_314945963\">\n\t\t<div class=\"section-bg fill\" >\n\t\t\t\t\t\t\t\t\t\n\t\t\t\n\n\t\t<\/div>\n\n\t\t\n\n\t\t<div class=\"section-content relative\">\n\t\t\t\n<div class=\"slider-wrapper relative\" id=\"slider-736435741\" >\n    <div class=\"slider slider-nav-simple slider-nav-large slider-nav-dark slider-style-normal\"\n        data-flickity-options='{\n            \"cellAlign\": \"center\",\n            \"imagesLoaded\": true,\n            \"lazyLoad\": 1,\n            \"freeScroll\": false,\n            \"wrapAround\": true,\n            \"autoPlay\": 4000,\n            \"pauseAutoPlayOnHover\" : false,\n            \"prevNextButtons\": false,\n            \"contain\" : true,\n            \"adaptiveHeight\" : true,\n            \"dragThreshold\" : 10,\n            \"percentPosition\": true,\n            \"pageDots\": true,\n            \"rightToLeft\": false,\n            \"draggable\": true,\n            \"selectedAttraction\": 0.1,\n            \"parallax\" : 7,\n            \"friction\": 0.6        }'\n        >\n        \n\n\t<section class=\"section\" id=\"section_853811130\">\n\t\t<div class=\"section-bg fill\" >\n\t\t\t<img loading=\"lazy\" decoding=\"async\" width=\"1103\" height=\"735\" src=\"https:\/\/atinel.hr\/de\/wp-content\/uploads\/2025\/07\/atinel-cnc.jpg\" class=\"bg attachment-original size-original\" alt=\"\" \/>\t\t\t\t\t\t<div class=\"section-bg-overlay absolute fill\"><\/div>\n\t\t\t\n\n\t\t<\/div>\n\n\t\t\n\n\t\t<div class=\"section-content relative\">\n\t\t\t\n<div class=\"row\" style=\"max-width:1300px\" id=\"row-1172947881\">\n\n\t<div id=\"col-777423182\" class=\"col medium-8 small-12 large-6\"  >\n\t\t\t\t<div class=\"col-inner\"  >\n\t\t\t\n\t\t\t\n\t<div id=\"text-1713744004\" class=\"text\">\n\t\t\n<h6><span style=\"color: #fff;\">Erstklassige Automatisierung f\u00fcr mittlere und gro\u00dfe Unternehmen auf der ganzen Welt<\/span><\/h6>\n\t\t\n<style>\n#text-1713744004 {\n  color: rgb(255,255,255);\n}\n#text-1713744004 > * {\n  color: rgb(255,255,255);\n}\n<\/style>\n\t<\/div>\n\t\n\t<div id=\"text-1903103635\" class=\"text\">\n\t\t\n<h1>COOKIES<\/h1>\n\t\t\n<style>\n#text-1903103635 {\n  font-size: 2rem;\n  color: rgb(255,255,255);\n}\n#text-1903103635 > * {\n  color: rgb(255,255,255);\n}\n<\/style>\n\t<\/div>\n\t\n\t\t<\/div>\n\t\t\t\t\t<\/div>\n\n\t\n<\/div>\n\t\t<\/div>\n\n\t\t\n<style>\n#section_853811130 {\n  padding-top: 0px;\n  padding-bottom: 0px;\n  min-height: 500px;\n  background-color: rgb(0,0,0);\n}\n#section_853811130 .section-bg-overlay {\n  background-color: rgba(0,0,0,.5);\n}\n#section_853811130 .section-bg img {\n  object-position: 44% 20%;\n}\n@media (min-width:550px) {\n  #section_853811130 {\n    min-height: 600px;\n  }\n  #section_853811130 .section-bg-overlay {\n    background-color: rgba(0,0,0,.5);\n  }\n}\n@media (min-width:850px) {\n  #section_853811130 .section-bg-overlay {\n    background-color: rgba(0,0,0,.5);\n  }\n}\n<\/style>\n\t<\/section>\n\t\n     <\/div>\n\n     <div class=\"loading-spin dark large centered\"><\/div>\n\n\t<\/div>\n\n\n\t\t<\/div>\n\n\t\t\n<style>\n#section_314945963 {\n  padding-top: 0px;\n  padding-bottom: 0px;\n}\n<\/style>\n\t<\/section>\n\t\n\n\t<section class=\"section\" id=\"section_1893086881\">\n\t\t<div class=\"section-bg fill\" >\n\t\t\t\t\t\t\t\t\t\n\t\t\t\n\n\t\t<\/div>\n\n\t\t\n\n\t\t<div class=\"section-content relative\">\n\t\t\t\n<div class=\"row row-collapse\" style=\"max-width:1300px\" id=\"row-709041088\">\n\n\t<div id=\"col-1000922052\" class=\"col medium-12 small-12 large-12\"  >\n\t\t\t\t<div class=\"col-inner text-center\" style=\"background-color:rgb(255, 255, 255);\" >\n\t\t\t\n\t\t\t\n\t<div id=\"text-1990653632\" class=\"text\">\n\t\t\n<h6><span style=\"color: #a39884;\">ATINEL<\/span><\/h6>\n\t\t\n<style>\n#text-1990653632 {\n  text-align: center;\n}\n<\/style>\n\t<\/div>\n\t\n\t<div id=\"text-2310233373\" class=\"text\">\n\t\t\n<h2>Cookies<\/h2>\n\t\t\n<style>\n#text-2310233373 {\n  font-size: 1.5rem;\n  text-align: center;\n}\n<\/style>\n\t<\/div>\n\t\n<div class=\"is-divider divider clearfix\" style=\"max-width:100%;height:1px;background-color:rgb(0, 0, 0);\"><\/div>\n\t\t<\/div>\n\t\t\t\t\n<style>\n#col-1000922052 > .col-inner {\n  padding: 50px 10px 30px 10px;\n}\n@media (min-width:550px) {\n  #col-1000922052 > .col-inner {\n    padding: 10px 50px 5px 50px;\n  }\n}\n<\/style>\n\t<\/div>\n\n\t\n\n\t<div id=\"col-625285691\" class=\"col medium-12 small-12 large-6\"  >\n\t\t\t\t<div class=\"col-inner text-center\" style=\"background-color:rgb(255, 255, 255);\" >\n\t\t\t\n\t\t\t\n\t<div id=\"text-3284682205\" class=\"text\">\n\t\t\n<p data-start=\"174\" data-end=\"439\">Diese Cookie-Richtlinie erl\u00e4utert, wie ATINEL d.o.o. Cookies und \u00e4hnliche Technologien auf seiner Website atinel.hr verwendet. Durch die Nutzung dieser Website stimmen Sie der Verwendung von Cookies gem\u00e4\u00df dieser Richtlinie zu, sofern Sie diese nicht in Ihrem Browser deaktiviert haben.<\/p>\n<h3 data-start=\"441\" data-end=\"464\">1. Was sind Cookies?<\/h3>\n<p data-start=\"466\" data-end=\"698\">Cookies sind kleine Textdateien, die eine Website beim Besuch auf Ihrem Computer oder Mobilger\u00e4t speichert. Dadurch kann die Website Ihr Ger\u00e4t erkennen und Informationen zu Ihren Einstellungen oder fr\u00fcheren Aktivit\u00e4ten speichern.<\/p>\n<hr data-start=\"700\" data-end=\"703\" \/>\n<h3 data-start=\"705\" data-end=\"742\">2. Welche Arten von Cookies verwenden wir?<\/h3>\n<p><strong>a) Technische (notwendige) Cookies<\/strong><br \/>Diese Cookies sind f\u00fcr das ordnungsgem\u00e4\u00dfe Funktionieren der Website erforderlich und erm\u00f6glichen grundlegende Funktionen wie Navigation und Zugriff auf sichere Bereiche. Ohne sie funktioniert die Website nicht ordnungsgem\u00e4\u00df.<\/p>\n<p><strong>b) Analytische Cookies (Google Analytics oder \u00e4hnliche)<\/strong><br \/>Sie erfassen Informationen dar\u00fcber, wie Besucher unsere Website nutzen (z. B. welche Seiten sie besuchen, wie lange sie verweilen und von welchem Ger\u00e4t sie kommen). Diese Informationen helfen uns, die Funktionalit\u00e4t und den Inhalt der Website zu verbessern.<\/p>\n<p><strong>c) Funktionale Cookies<\/strong><br \/>Sie erm\u00f6glichen es der Website, Ihre Einstellungen (z. B. Sprache, Region) zu speichern, um einen verbesserten und personalisierten Service zu bieten.<\/p>\n<p><strong>d) Cookies von Drittanbietern<\/strong><br \/>Unsere Website verwendet m\u00f6glicherweise auch Cookies von Drittanbietern (z. B. eingebettete Videoinhalte, interaktive Karten usw.), die \u00fcber ihre eigenen Cookies Daten \u00fcber Ihre Nutzung erfassen k\u00f6nnen.<\/p>\n\t\t\n<style>\n#text-3284682205 {\n  text-align: left;\n}\n<\/style>\n\t<\/div>\n\t\n\t\t<\/div>\n\t\t\t\t\n<style>\n#col-625285691 > .col-inner {\n  padding: 50px 10px 30px 10px;\n}\n@media (min-width:550px) {\n  #col-625285691 > .col-inner {\n    padding: 10px 10px 10px 10px;\n  }\n}\n<\/style>\n\t<\/div>\n\n\t\n\n\t<div id=\"col-1405220310\" class=\"col medium-12 small-12 large-6\"  >\n\t\t\t\t<div class=\"col-inner text-center\" style=\"background-color:rgb(255, 255, 255);\" >\n\t\t\t\n\t\t\t\n\t<div id=\"text-3995376725\" class=\"text\">\n\t\t\n<h3 data-start=\"1646\" data-end=\"1687\">3. Wie k\u00f6nnen Sie Cookies verwalten?<\/h3>\n<p>In den meisten Webbrowsern k\u00f6nnen Sie Cookies \u00fcber Ihre Browsereinstellungen steuern. Sie k\u00f6nnen:<\/p>\n<p>Alle Cookies l\u00f6schen<\/p>\n<p>Alle Cookies blockieren<\/p>\n<p>Cookies nur von bestimmten Websites zulassen<\/p>\n<p>Cookies von Drittanbietern blockieren<\/p>\n<p>Hinweis: Das Deaktivieren von Cookies kann die Funktionalit\u00e4t der Website beeintr\u00e4chtigen.<\/p>\n<p data-start=\"2005\" data-end=\"2061\">Weitere Informationen zum Verwalten von Cookies finden Sie unter:<\/p>\n<ul data-start=\"2062\" data-end=\"2193\">\n<li data-start=\"2062\" data-end=\"2124\">\n<p data-start=\"2064\" data-end=\"2124\"><a class=\"\" href=\"https:\/\/www.aboutcookies.org\" target=\"_new\" rel=\"noopener\" data-start=\"2064\" data-end=\"2124\">https:\/\/www.aboutcookies.org<\/a><\/p>\n<\/li>\n<li data-start=\"2125\" data-end=\"2193\">\n<p data-start=\"2127\" data-end=\"2193\"><a class=\"\" href=\"https:\/\/www.allaboutcookies.org\" target=\"_new\" rel=\"noopener\" data-start=\"2127\" data-end=\"2193\">https:\/\/www.allaboutcookies.org<\/a><\/p>\n<\/li>\n<\/ul>\n<hr data-start=\"2195\" data-end=\"2198\" \/>\n<h3 data-start=\"2200\" data-end=\"2224\">4. Richtlinien\u00e4nderungen<\/h3>\n<p data-start=\"2226\" data-end=\"2378\">Wir behalten uns das Recht vor, diese Cookie-Richtlinie jederzeit zu \u00e4ndern. Alle \u00c4nderungen werden auf dieser Seite ver\u00f6ffentlicht und treten sofort nach Ver\u00f6ffentlichung in Kraft.<\/p>\n<hr data-start=\"2380\" data-end=\"2383\" \/>\n<p data-start=\"2385\" data-end=\"2533\"><strong data-start=\"2385\" data-end=\"2402\">ATINEL d.o.o.<\/strong><br data-start=\"2402\" data-end=\"2405\" \/>Ku\u0107anska ulica 2, HR-42000 Vara\u017edin, Kroatien<br data-start=\"2440\" data-end=\"2443\" \/>Tel: +385 (0)42 641 143 \/ +385 (0)42 421 492<br data-start=\"2487\" data-end=\"2490\" \/>E-mail: <a href=\"mailto:info@atinel.hr\">info@atinel.hr<\/a><br data-start=\"2514\" data-end=\"2517\" \/>OIB: 21867977389<\/p>\n\t\t\n<style>\n#text-3995376725 {\n  text-align: left;\n}\n<\/style>\n\t<\/div>\n\t\n\t\t<\/div>\n\t\t\t\t\n<style>\n#col-1405220310 > .col-inner {\n  padding: 50px 10px 30px 10px;\n}\n@media (min-width:550px) {\n  #col-1405220310 > .col-inner {\n    padding: 10px 10px 10px 10px;\n  }\n}\n<\/style>\n\t<\/div>\n\n\t\n<\/div>\n\t<div id=\"gap-1485110996\" class=\"gap-element clearfix\" style=\"display:block; height:auto;\">\n\t\t\n<style>\n#gap-1485110996 {\n  padding-top: 30px;\n}\n<\/style>\n\t<\/div>\n\t\n\t\t<\/div>\n\n\t\t\n<style>\n#section_1893086881 {\n  padding-top: 50px;\n  padding-bottom: 50px;\n  background-color: rgb(255,255,255);\n}\n<\/style>\n\t<\/section>\n\t\n","protected":false},"excerpt":{"rendered":"","protected":false},"author":2,"featured_media":0,"parent":0,"menu_order":0,"comment_status":"closed","ping_status":"closed","template":"page-blank.php","meta":{"_monsterinsights_skip_tracking":false,"_monsterinsights_sitenote_active":false,"_monsterinsights_sitenote_note":"","_monsterinsights_sitenote_category":0,"footnotes":"","_links_to":"","_links_to_target":""},"class_list":["post-253","page","type-page","status-publish","hentry"],"yoast_head":"<!-- This site is optimized with the Yoast SEO plugin v25.9 - https:\/\/yoast.com\/wordpress\/plugins\/seo\/ -->\n<title>Cookies - Atinel<\/title>\n<meta name=\"description\" content=\"Cookie-Richtlinie von ATINEL d.o.o. erkl\u00e4rt die Verwendung von Cookies auf atinel.hr. Wie Sie Ihre Cookie-Einstellungen anpassen k\u00f6nnen.\" \/>\n<meta name=\"robots\" content=\"index, follow, max-snippet:-1, max-image-preview:large, max-video-preview:-1\" \/>\n<link rel=\"canonical\" href=\"https:\/\/atinel.hr\/de\/cookies\/\" \/>\n<meta property=\"og:locale\" content=\"de_DE\" \/>\n<meta property=\"og:type\" content=\"article\" \/>\n<meta property=\"og:title\" content=\"Cookies - Atinel\" \/>\n<meta property=\"og:description\" content=\"Cookie-Richtlinie von ATINEL d.o.o. erkl\u00e4rt die Verwendung von Cookies auf atinel.hr. Wie Sie Ihre Cookie-Einstellungen anpassen k\u00f6nnen.\" \/>\n<meta property=\"og:url\" content=\"https:\/\/atinel.hr\/de\/cookies\/\" \/>\n<meta property=\"og:site_name\" content=\"Atinel\" \/>\n<meta property=\"article:publisher\" content=\"https:\/\/www.facebook.com\/atinelhr\/?fref=ts\" \/>\n<meta property=\"article:modified_time\" content=\"2025-09-01T15:23:41+00:00\" \/>\n<meta name=\"twitter:card\" content=\"summary_large_image\" \/>\n<meta name=\"twitter:label1\" content=\"Gesch\u00e4tzte Lesezeit\" \/>\n\t<meta name=\"twitter:data1\" content=\"3\u00a0Minuten\" \/>\n<script type=\"application\/ld+json\" class=\"yoast-schema-graph\">{\"@context\":\"https:\/\/schema.org\",\"@graph\":[{\"@type\":\"WebPage\",\"@id\":\"https:\/\/atinel.hr\/de\/cookies\/\",\"url\":\"https:\/\/atinel.hr\/de\/cookies\/\",\"name\":\"Cookies - Atinel\",\"isPartOf\":{\"@id\":\"https:\/\/atinel.hr\/de\/#website\"},\"datePublished\":\"2025-07-20T18:24:38+00:00\",\"dateModified\":\"2025-09-01T15:23:41+00:00\",\"description\":\"Cookie-Richtlinie von ATINEL d.o.o. erkl\u00e4rt die Verwendung von Cookies auf atinel.hr. Wie Sie Ihre Cookie-Einstellungen anpassen k\u00f6nnen.\",\"breadcrumb\":{\"@id\":\"https:\/\/atinel.hr\/de\/cookies\/#breadcrumb\"},\"inLanguage\":\"de\",\"potentialAction\":[{\"@type\":\"ReadAction\",\"target\":[\"https:\/\/atinel.hr\/de\/cookies\/\"]}]},{\"@type\":\"BreadcrumbList\",\"@id\":\"https:\/\/atinel.hr\/de\/cookies\/#breadcrumb\",\"itemListElement\":[{\"@type\":\"ListItem\",\"position\":1,\"name\":\"Startseite\",\"item\":\"https:\/\/atinel.hr\/de\/\"},{\"@type\":\"ListItem\",\"position\":2,\"name\":\"Cookies\"}]},{\"@type\":\"WebSite\",\"@id\":\"https:\/\/atinel.hr\/de\/#website\",\"url\":\"https:\/\/atinel.hr\/de\/\",\"name\":\"Atinel\",\"description\":\"Fachbetrieb f\u00fcr Automatisierung, Programmierung und Robotik\",\"publisher\":{\"@id\":\"https:\/\/atinel.hr\/de\/#organization\"},\"potentialAction\":[{\"@type\":\"SearchAction\",\"target\":{\"@type\":\"EntryPoint\",\"urlTemplate\":\"https:\/\/atinel.hr\/de\/?s={search_term_string}\"},\"query-input\":{\"@type\":\"PropertyValueSpecification\",\"valueRequired\":true,\"valueName\":\"search_term_string\"}}],\"inLanguage\":\"de\"},{\"@type\":\"Organization\",\"@id\":\"https:\/\/atinel.hr\/de\/#organization\",\"name\":\"Atinel\",\"url\":\"https:\/\/atinel.hr\/de\/\",\"logo\":{\"@type\":\"ImageObject\",\"inLanguage\":\"de\",\"@id\":\"https:\/\/atinel.hr\/de\/#\/schema\/logo\/image\/\",\"url\":\"https:\/\/atinel.hr\/de\/wp-content\/uploads\/2025\/07\/cropped-atinel-ico.png\",\"contentUrl\":\"https:\/\/atinel.hr\/de\/wp-content\/uploads\/2025\/07\/cropped-atinel-ico.png\",\"width\":512,\"height\":512,\"caption\":\"Atinel\"},\"image\":{\"@id\":\"https:\/\/atinel.hr\/de\/#\/schema\/logo\/image\/\"},\"sameAs\":[\"https:\/\/www.facebook.com\/atinelhr\/?fref=ts\"]}]}<\/script>\n<!-- \/ Yoast SEO plugin. -->","yoast_head_json":{"title":"Cookies - Atinel","description":"Cookie-Richtlinie von ATINEL d.o.o. erkl\u00e4rt die Verwendung von Cookies auf atinel.hr. Wie Sie Ihre Cookie-Einstellungen anpassen k\u00f6nnen.","robots":{"index":"index","follow":"follow","max-snippet":"max-snippet:-1","max-image-preview":"max-image-preview:large","max-video-preview":"max-video-preview:-1"},"canonical":"https:\/\/atinel.hr\/de\/cookies\/","og_locale":"de_DE","og_type":"article","og_title":"Cookies - Atinel","og_description":"Cookie-Richtlinie von ATINEL d.o.o. erkl\u00e4rt die Verwendung von Cookies auf atinel.hr. Wie Sie Ihre Cookie-Einstellungen anpassen k\u00f6nnen.","og_url":"https:\/\/atinel.hr\/de\/cookies\/","og_site_name":"Atinel","article_publisher":"https:\/\/www.facebook.com\/atinelhr\/?fref=ts","article_modified_time":"2025-09-01T15:23:41+00:00","twitter_card":"summary_large_image","twitter_misc":{"Gesch\u00e4tzte Lesezeit":"3\u00a0Minuten"},"schema":{"@context":"https:\/\/schema.org","@graph":[{"@type":"WebPage","@id":"https:\/\/atinel.hr\/de\/cookies\/","url":"https:\/\/atinel.hr\/de\/cookies\/","name":"Cookies - Atinel","isPartOf":{"@id":"https:\/\/atinel.hr\/de\/#website"},"datePublished":"2025-07-20T18:24:38+00:00","dateModified":"2025-09-01T15:23:41+00:00","description":"Cookie-Richtlinie von ATINEL d.o.o. erkl\u00e4rt die Verwendung von Cookies auf atinel.hr. Wie Sie Ihre Cookie-Einstellungen anpassen k\u00f6nnen.","breadcrumb":{"@id":"https:\/\/atinel.hr\/de\/cookies\/#breadcrumb"},"inLanguage":"de","potentialAction":[{"@type":"ReadAction","target":["https:\/\/atinel.hr\/de\/cookies\/"]}]},{"@type":"BreadcrumbList","@id":"https:\/\/atinel.hr\/de\/cookies\/#breadcrumb","itemListElement":[{"@type":"ListItem","position":1,"name":"Startseite","item":"https:\/\/atinel.hr\/de\/"},{"@type":"ListItem","position":2,"name":"Cookies"}]},{"@type":"WebSite","@id":"https:\/\/atinel.hr\/de\/#website","url":"https:\/\/atinel.hr\/de\/","name":"Atinel","description":"Fachbetrieb f\u00fcr Automatisierung, Programmierung und Robotik","publisher":{"@id":"https:\/\/atinel.hr\/de\/#organization"},"potentialAction":[{"@type":"SearchAction","target":{"@type":"EntryPoint","urlTemplate":"https:\/\/atinel.hr\/de\/?s={search_term_string}"},"query-input":{"@type":"PropertyValueSpecification","valueRequired":true,"valueName":"search_term_string"}}],"inLanguage":"de"},{"@type":"Organization","@id":"https:\/\/atinel.hr\/de\/#organization","name":"Atinel","url":"https:\/\/atinel.hr\/de\/","logo":{"@type":"ImageObject","inLanguage":"de","@id":"https:\/\/atinel.hr\/de\/#\/schema\/logo\/image\/","url":"https:\/\/atinel.hr\/de\/wp-content\/uploads\/2025\/07\/cropped-atinel-ico.png","contentUrl":"https:\/\/atinel.hr\/de\/wp-content\/uploads\/2025\/07\/cropped-atinel-ico.png","width":512,"height":512,"caption":"Atinel"},"image":{"@id":"https:\/\/atinel.hr\/de\/#\/schema\/logo\/image\/"},"sameAs":["https:\/\/www.facebook.com\/atinelhr\/?fref=ts"]}]}},"_links":{"self":[{"href":"https:\/\/atinel.hr\/de\/wp-json\/wp\/v2\/pages\/253","targetHints":{"allow":["GET"]}}],"collection":[{"href":"https:\/\/atinel.hr\/de\/wp-json\/wp\/v2\/pages"}],"about":[{"href":"https:\/\/atinel.hr\/de\/wp-json\/wp\/v2\/types\/page"}],"author":[{"embeddable":true,"href":"https:\/\/atinel.hr\/de\/wp-json\/wp\/v2\/users\/2"}],"replies":[{"embeddable":true,"href":"https:\/\/atinel.hr\/de\/wp-json\/wp\/v2\/comments?post=253"}],"version-history":[{"count":8,"href":"https:\/\/atinel.hr\/de\/wp-json\/wp\/v2\/pages\/253\/revisions"}],"predecessor-version":[{"id":1597,"href":"https:\/\/atinel.hr\/de\/wp-json\/wp\/v2\/pages\/253\/revisions\/1597"}],"wp:attachment":[{"href":"https:\/\/atinel.hr\/de\/wp-json\/wp\/v2\/media?parent=253"}],"curies":[{"name":"wp","href":"https:\/\/api.w.org\/{rel}","templated":true}]}}